{"id":1006,"date":"2023-03-08T14:17:11","date_gmt":"2023-03-08T14:17:11","guid":{"rendered":"https:\/\/www.cz-lindbergh.cz\/?post_type=product&#038;p=1006"},"modified":"2023-04-07T14:31:44","modified_gmt":"2023-04-07T14:31:44","slug":"gravitacni-narezovy-stroj-370g-l","status":"publish","type":"product","link":"https:\/\/www.cz-lindbergh.cz\/?product=gravitacni-narezovy-stroj-370g-l","title":{"rendered":"Gravita\u010dn\u00ed n\u00e1\u0159ezov\u00fd stroj 370G\/L"},"content":{"rendered":"<p>Pr\u016fm\u011br \u010depele 370 mm.<\/p>\n<p>Vysoce inovativn\u00ed design, zaoblen\u00e1 linie, \u017e\u00e1dn\u00e9 rohy a \u017e\u00e1dn\u00e9 viditeln\u00e9 \u0161rouby.<br \/>\nVelmi snadno se \u010dist\u00ed a je vhodn\u00fd zejm\u00e9na do restaurac\u00ed a supermarket\u016f.<\/p>\n","protected":false},"excerpt":{"rendered":"<table width=\"693\">\n<tbody>\n<tr>\n<td width=\"397\"><strong>Model<\/strong><\/td>\n<td><strong>370G\/L<\/strong><\/td>\n<\/tr>\n<tr>\n<td width=\"397\"><strong>N\u016f\u017e<\/strong><\/td>\n<td>\u00f8\u00a0370 mm<\/td>\n<\/tr>\n<tr>\n<td width=\"397\"><strong>Ot\u00e1\u010dky no\u017ee<\/strong><\/td>\n<td>210 ot\/min<\/td>\n<\/tr>\n<tr>\n<td width=\"397\"><strong>Motor V.220 <\/strong><\/td>\n<td>0,370 kw<\/td>\n<\/tr>\n<tr>\n<td width=\"397\"><strong>Zdvih san\u00ed<\/strong><\/td>\n<td>365 mm<\/td>\n<\/tr>\n<tr>\n<td width=\"397\"><strong>Max. tlou\u0161\u0165ka pl\u00e1tku<\/strong><\/td>\n<td>22 mm<\/td>\n<\/tr>\n<tr>\n<td width=\"397\"><strong>Max. velikost kr\u00e1jen\u00e9ho zbo\u017e\u00ed<\/strong><\/td>\n<td>\u00f8\u00a0 270 mm<\/p>\n<p>270\u00d7290 mm<\/td>\n<\/tr>\n<tr>\n<td width=\"397\"><strong>Hmotnost<\/strong><\/td>\n<td>\u00a044 kg<\/td>\n<\/tr>\n<tr>\n<td width=\"397\"><strong>V\u00fd\u0161ka<\/strong><\/td>\n<td>\u00a0760 mm<\/td>\n<\/tr>\n<tr>\n<td width=\"397\"><strong>\u0160\u00ed\u0159ka<\/strong><\/td>\n<td>\u00a0840 mm<\/td>\n<\/tr>\n<tr>\n<td width=\"397\"><strong>Hloubka<\/strong><\/td>\n<td>\u00a0720 mm<\/td>\n<\/tr>\n<\/tbody>\n<\/table>\n","protected":false},"featured_media":1007,"comment_status":"closed","ping_status":"closed","template":"","meta":[],"product_cat":[45,87,40,43,42],"product_tag":[],"class_list":{"0":"post-1006","1":"product","2":"type-product","3":"status-publish","4":"has-post-thumbnail","6":"product_cat-narezove-stroje","7":"product_cat-sikme-narezove-stroje","8":"product_cat-stroje","9":"product_cat-stroje-pro-gastronomii","10":"product_cat-stroje-pro-prodejny","12":"first","13":"onbackorder","14":"taxable","15":"shipping-taxable","16":"product-type-simple"},"_links":{"self":[{"href":"https:\/\/www.cz-lindbergh.cz\/index.php?rest_route=\/wp\/v2\/product\/1006","targetHints":{"allow":["GET"]}}],"collection":[{"href":"https:\/\/www.cz-lindbergh.cz\/index.php?rest_route=\/wp\/v2\/product"}],"about":[{"href":"https:\/\/www.cz-lindbergh.cz\/index.php?rest_route=\/wp\/v2\/types\/product"}],"replies":[{"embeddable":true,"href":"https:\/\/www.cz-lindbergh.cz\/index.php?rest_route=%2Fwp%2Fv2%2Fcomments&post=1006"}],"wp:featuredmedia":[{"embeddable":true,"href":"https:\/\/www.cz-lindbergh.cz\/index.php?rest_route=\/wp\/v2\/media\/1007"}],"wp:attachment":[{"href":"https:\/\/www.cz-lindbergh.cz\/index.php?rest_route=%2Fwp%2Fv2%2Fmedia&parent=1006"}],"wp:term":[{"taxonomy":"product_cat","embeddable":true,"href":"https:\/\/www.cz-lindbergh.cz\/index.php?rest_route=%2Fwp%2Fv2%2Fproduct_cat&post=1006"},{"taxonomy":"product_tag","embeddable":true,"href":"https:\/\/www.cz-lindbergh.cz\/index.php?rest_route=%2Fwp%2Fv2%2Fproduct_tag&post=1006"}],"curies":[{"name":"wp","href":"https:\/\/api.w.org\/{rel}","templated":true}]}}