{"id":1086,"date":"2023-03-30T12:16:18","date_gmt":"2023-03-30T12:16:18","guid":{"rendered":"https:\/\/www.cz-lindbergh.cz\/?post_type=product&#038;p=1086"},"modified":"2023-04-07T14:31:41","modified_gmt":"2023-04-07T14:31:41","slug":"poloautomaticky-narezovy-stroj-a-370g-l","status":"publish","type":"product","link":"https:\/\/www.cz-lindbergh.cz\/?product=poloautomaticky-narezovy-stroj-a-370g-l","title":{"rendered":"Poloautomatick\u00fd n\u00e1\u0159ezov\u00fd stroj A 370G\/L"},"content":{"rendered":"<p>Poloautomatick\u00fd gravita\u010dn\u00ed n\u00e1\u0159ezov\u00fd stroj s no\u017eem o pr\u016fm\u011bru 370 mm.<\/p>\n<p>Vysoce inovativn\u00ed design, zaoblen\u00e1 linie, \u017e\u00e1dn\u00e9 rohy a \u017e\u00e1dn\u00e9 viditeln\u00e9 \u0161rouby. Velmi snadn\u00e9 \u010di\u0161t\u011bn\u00ed je vhodn\u00e9 zejm\u00e9na pro stravovac\u00ed za\u0159\u00edzen\u00ed a supermarkety, kde je d\u016fle\u017eit\u00e1 nejen p\u0159esnost kr\u00e1jen\u00ed, ale tak\u00e9 vynikaj\u00edc\u00ed v\u00fdkon. M\u00e1 jednoduch\u00fd a intuitivn\u00ed p\u0159\u00edstrojov\u00fd panel. M\u016f\u017eete m\u011bnit rychlost san\u00ed a no\u017ee, zvolit d\u00e9lku zdvihu san\u00ed a po\u010det pl\u00e1tk\u016f, kter\u00e9 se maj\u00ed nakr\u00e1jet.<br \/>\nVhodn\u00e9 pro restaurace a supermarkety.<\/p>\n","protected":false},"excerpt":{"rendered":"<table width=\"693\">\n<tbody>\n<tr>\n<td width=\"397\"><strong>Model<\/strong><\/td>\n<td><strong>A 370G\/L<\/strong><\/td>\n<\/tr>\n<tr>\n<td width=\"397\"><strong>N\u016f\u017e<\/strong><\/td>\n<td>\u00f8 370 mm<\/td>\n<\/tr>\n<tr>\n<td width=\"397\"><strong>Ot\u00e1\u010dky no\u017ee<\/strong><\/td>\n<td>210 ot\/min<\/td>\n<\/tr>\n<tr>\n<td width=\"397\"><strong>Motor V.220 <\/strong><\/td>\n<td>0,570 kw<\/td>\n<\/tr>\n<tr>\n<td width=\"397\"><strong>Zdvih san\u00ed<\/strong><\/td>\n<td>365 mm<\/td>\n<\/tr>\n<tr>\n<td width=\"397\"><strong>Max. tlou\u0161\u0165ka pl\u00e1tku<\/strong><\/td>\n<td>20 mm<\/td>\n<\/tr>\n<tr>\n<td width=\"397\"><strong>Max. velikost kr\u00e1jen\u00e9ho zbo\u017e\u00ed<\/strong><\/td>\n<td>\u00f8\u00a0 260 mm<\/p>\n<p>260\u00d7270 mm<\/td>\n<\/tr>\n<tr>\n<td width=\"397\"><strong>Hmotnost<\/strong><\/td>\n<td>\u00a052 kg<\/td>\n<\/tr>\n<tr>\n<td width=\"397\"><strong>V\u00fd\u0161ka<\/strong><\/td>\n<td>\u00a0850 mm<\/td>\n<\/tr>\n<tr>\n<td width=\"397\"><strong>\u0160\u00ed\u0159ka<\/strong><\/td>\n<td>\u00a0890 mm<\/td>\n<\/tr>\n<tr>\n<td width=\"397\"><strong>Hloubka<\/strong><\/td>\n<td>\u00a01\u00a0030 mm<\/td>\n<\/tr>\n<\/tbody>\n<\/table>\n","protected":false},"featured_media":1087,"comment_status":"closed","ping_status":"closed","template":"","meta":[],"product_cat":[45,87,40,43,42],"product_tag":[],"class_list":{"0":"post-1086","1":"product","2":"type-product","3":"status-publish","4":"has-post-thumbnail","6":"product_cat-narezove-stroje","7":"product_cat-sikme-narezove-stroje","8":"product_cat-stroje","9":"product_cat-stroje-pro-gastronomii","10":"product_cat-stroje-pro-prodejny","12":"first","13":"onbackorder","14":"taxable","15":"shipping-taxable","16":"product-type-simple"},"_links":{"self":[{"href":"https:\/\/www.cz-lindbergh.cz\/index.php?rest_route=\/wp\/v2\/product\/1086","targetHints":{"allow":["GET"]}}],"collection":[{"href":"https:\/\/www.cz-lindbergh.cz\/index.php?rest_route=\/wp\/v2\/product"}],"about":[{"href":"https:\/\/www.cz-lindbergh.cz\/index.php?rest_route=\/wp\/v2\/types\/product"}],"replies":[{"embeddable":true,"href":"https:\/\/www.cz-lindbergh.cz\/index.php?rest_route=%2Fwp%2Fv2%2Fcomments&post=1086"}],"wp:featuredmedia":[{"embeddable":true,"href":"https:\/\/www.cz-lindbergh.cz\/index.php?rest_route=\/wp\/v2\/media\/1087"}],"wp:attachment":[{"href":"https:\/\/www.cz-lindbergh.cz\/index.php?rest_route=%2Fwp%2Fv2%2Fmedia&parent=1086"}],"wp:term":[{"taxonomy":"product_cat","embeddable":true,"href":"https:\/\/www.cz-lindbergh.cz\/index.php?rest_route=%2Fwp%2Fv2%2Fproduct_cat&post=1086"},{"taxonomy":"product_tag","embeddable":true,"href":"https:\/\/www.cz-lindbergh.cz\/index.php?rest_route=%2Fwp%2Fv2%2Fproduct_tag&post=1086"}],"curies":[{"name":"wp","href":"https:\/\/api.w.org\/{rel}","templated":true}]}}