{"id":1175,"date":"2023-04-04T14:41:42","date_gmt":"2023-04-04T14:41:42","guid":{"rendered":"https:\/\/www.cz-lindbergh.cz\/?post_type=product&#038;p=1175"},"modified":"2023-04-04T14:44:00","modified_gmt":"2023-04-04T14:44:00","slug":"pinzeta","status":"publish","type":"product","link":"https:\/\/www.cz-lindbergh.cz\/?product=pinzeta","title":{"rendered":"Pinzeta"},"content":{"rendered":"<p>Pom\u00e1h\u00e1 hygienicky odeb\u00edrat nakr\u00e1jen\u00e9 pl\u00e1tky<\/p>\n","protected":false},"excerpt":{"rendered":"<p>Pom\u00e1h\u00e1 hygienicky odeb\u00edrat nakr\u00e1jen\u00e9 pl\u00e1tky<\/p>\n","protected":false},"featured_media":1176,"comment_status":"closed","ping_status":"closed","template":"","meta":[],"product_cat":[85,40],"product_tag":[],"class_list":{"0":"post-1175","1":"product","2":"type-product","3":"status-publish","4":"has-post-thumbnail","6":"product_cat-prislusenstviapriplatkovavybava","7":"product_cat-stroje","9":"first","10":"onbackorder","11":"taxable","12":"shipping-taxable","13":"product-type-simple"},"_links":{"self":[{"href":"https:\/\/www.cz-lindbergh.cz\/index.php?rest_route=\/wp\/v2\/product\/1175","targetHints":{"allow":["GET"]}}],"collection":[{"href":"https:\/\/www.cz-lindbergh.cz\/index.php?rest_route=\/wp\/v2\/product"}],"about":[{"href":"https:\/\/www.cz-lindbergh.cz\/index.php?rest_route=\/wp\/v2\/types\/product"}],"replies":[{"embeddable":true,"href":"https:\/\/www.cz-lindbergh.cz\/index.php?rest_route=%2Fwp%2Fv2%2Fcomments&post=1175"}],"wp:featuredmedia":[{"embeddable":true,"href":"https:\/\/www.cz-lindbergh.cz\/index.php?rest_route=\/wp\/v2\/media\/1176"}],"wp:attachment":[{"href":"https:\/\/www.cz-lindbergh.cz\/index.php?rest_route=%2Fwp%2Fv2%2Fmedia&parent=1175"}],"wp:term":[{"taxonomy":"product_cat","embeddable":true,"href":"https:\/\/www.cz-lindbergh.cz\/index.php?rest_route=%2Fwp%2Fv2%2Fproduct_cat&post=1175"},{"taxonomy":"product_tag","embeddable":true,"href":"https:\/\/www.cz-lindbergh.cz\/index.php?rest_route=%2Fwp%2Fv2%2Fproduct_tag&post=1175"}],"curies":[{"name":"wp","href":"https:\/\/api.w.org\/{rel}","templated":true}]}}