{"id":1182,"date":"2023-04-15T12:43:09","date_gmt":"2023-04-15T12:43:09","guid":{"rendered":"https:\/\/www.cz-lindbergh.cz\/?post_type=product&#038;p=1182"},"modified":"2023-04-15T12:43:10","modified_gmt":"2023-04-15T12:43:10","slug":"stroj-na-odstranovani-klipsen-a-puleni-salamu","status":"publish","type":"product","link":"https:\/\/www.cz-lindbergh.cz\/?product=stroj-na-odstranovani-klipsen-a-puleni-salamu","title":{"rendered":"Stroj na odstra\u0148ov\u00e1n\u00ed klipsen a p\u016flen\u00ed sal\u00e1m\u016f"},"content":{"rendered":"<p><strong><span>Vyr\u00e1b\u00ed se v modelech DSAL<\/span><\/strong><span>\u00a0,\u00a0automatick\u00fd stroj na odstra\u0148ov\u00e1n\u00ed klipsen, s jednou nebo dvojitou hlavou, a <\/span><strong><span>TDSAL<\/span><\/strong><span> , na odstran\u011bn\u00ed klipsen a roz\u0159\u00edznut\u00ed nap\u016fl, na stejn\u00e9 d\u00edly a pod \u00fahlem 30\u00b0, 45\u00b0 nebo 90\u00b0, jak pro va\u0159en\u00e9, tak i uzen\u00e9 produkty.<\/span><br \/>\n<span>Odstra\u0148ov\u00e1n\u00ed\u00ed jednotliv\u00fdch produkt\u016f je efektivn\u00ed a spolehliv\u00e9 a model <\/span><strong><span>DSALR<\/span><\/strong><span> si porad\u00ed i s produkty v s\u00ed\u0165ovin\u011b, dokonce elastick\u00e9.<\/span><br \/>\n<span>V z\u00e1vislosti na modelu je mo\u017en\u00e9 zpracov\u00e1vat v\u00fdrobky o pr\u016fm\u011bru od 30 mm do pr\u016fm\u011bru 200 mm, s variabiln\u00ed d\u00e9lkou od 240 mm do 1,20 m.<\/span><br \/>\n<span>Produktivita, zalo\u017een\u00e1 na vlastnostech a rozm\u011brech v\u00fdrobk\u016f, v z\u00e1vislosti na modelu stroje, se pohybuje od 15 do 30 cel\u00fdch v\u00fdrobk\u016f\/minutu.<\/span><br \/>\n<span>Nab\u00edz\u00edme verzi pro od\u0159ez\u00e1v\u00e1n\u00ed va\u0159en\u00fdch produkt\u016f v s\u00ed\u0165ce a verzi pro va\u0159en\u00e9 produkty, jako je ov\u00e1ln\u00e1 mortadella.<\/span><\/p>\n<p><span>Pohodln\u00fd\u00a0<\/span><strong><span>nakl\u00e1dac\u00ed p\u00e1s<\/span><\/strong><span>\u00a0umo\u017e\u0148uje p\u0159esn\u00e9 um\u00edst\u011bn\u00ed produkt\u016f do od\u0159ez\u00e1vac\u00ed stanice (stanic).\u00a0V ka\u017ed\u00e9 stanici spo\u010d\u00edvaj\u00ed dv\u011b hlavy na produkt, \u010d\u00edm\u017e <\/span><strong><span>se minimalizuje odstra\u0148ov\u00e1n\u00ed produktu<\/span><\/strong><span>\u00a0pro nejlep\u0161\u00ed estetick\u00fd v\u00fdsledek, a to i v p\u0159\u00edpad\u011b \u010d\u00e1ste\u010dn\u011b zata\u017een\u00fdch spon.\u00a0V\u00fdrobky se pot\u00e9 p\u0159enesou do\u00a0<\/span><strong><span>\u0159ezac\u00edho za\u0159\u00edzen\u00ed<\/span><\/strong><span> , pokud je sou\u010d\u00e1st\u00ed stroje, kter\u00e9 je rozd\u011bl\u00ed na dv\u011b \u010d\u00e1sti stejn\u00e9 d\u00e9lky a\/nebo stejn\u00e9 hmotnosti podle vlastnost\u00ed v\u00fdrobku a pot\u00e9 je p\u0159enese k n\u00e1sledn\u00e9mu zpracov\u00e1n\u00ed.<\/span><br \/>\n<span>Sestupn\u00e9 hlavy a \u0159ezac\u00ed jednotka jsou vybaveny snadno vym\u011bniteln\u00fdmi d\u00edly, aby se p\u0159izp\u016fsobily velikosti a tvaru produkt\u016f a z\u00edskaly po\u017eadovan\u00fd v\u00fdsledek.<\/span><br \/>\n<span>V\u00fdrobky mohou m\u00edt\u00a0<\/span><strong><span>pr\u016fm\u011br\u00a0<\/span><\/strong><strong><span>od 30 mm do 240 mm<\/span><\/strong><span>\u00a0a\u00a0<\/span><strong><span>d\u00e9lku od 250 mm do 1200 mm<\/span><\/strong><span>\u00a0, v z\u00e1vislosti na modelu a produktivit\u011b\u00a0<\/span><strong><span>od 15 do 30 ks\/1&#8242;.<\/span><\/strong><\/p>\n<p><span>Model\u00a0<\/span><strong><span>DSAL-R<\/span><\/strong><span>\u00a0pro\u00a0<\/span><strong><span>va\u0159en\u00e9 nebo pe\u010den\u00e9 produkty v s\u00ed\u0165ce<\/span><\/strong><span> odstra\u0148uje klipy a p\u0159\u00edslu\u0161nou \u010d\u00e1st s\u00ed\u0165ky, elastickou nebo nepru\u017enou, s n\u00e1sleduj\u00edc\u00edmi rozm\u011bry: <\/span><strong><span>\u0161\u00ed\u0159ka od 120 mm do 240 mm<\/span><\/strong><span>\u00a0,\u00a0<\/span><strong><span>v\u00fd\u0161ka od 120 mm do 180 mm<\/span><\/strong><span>\u00a0,\u00a0<\/span><strong><span>d\u00e9lka od 250 mm do 600 mm<\/span><\/strong><span>\u00a0.\u00a0Produktivita je\u00a0<\/span><strong><span>12 ks\/1&#8242; nebo 24 ks\/1&#8242;<\/span><\/strong><span> , ve verz\u00edch s jednou nebo dv\u011bma jednotkami.<\/span><\/p>\n<p>&nbsp;<\/p>\n<p>\u0158\u00edzen\u00ed PLC<\/p>\n<p>Ovl\u00e1dac\u00ed panel umo\u017e\u0148uje spr\u00e1vu stroje a poskytuje obsluze informace pro pou\u017eit\u00ed a \u00fadr\u017ebu. \u0158\u00edzen\u00ed PLC umo\u017e\u0148uje propojen\u00ed se syst\u00e9mem \u0159\u00edzen\u00ed spole\u010dnosti, pro pl\u00e1nov\u00e1n\u00ed v\u00fdroby a sledovatelnost produkt\u016f a s na\u0161\u00ed vzd\u00e1lenou slu\u017ebou technick\u00e9 pomoci.<\/p>\n<div style=\"width: 1140px;\" class=\"wp-video\"><video class=\"wp-video-shortcode\" id=\"video-1182-1\" width=\"1140\" height=\"641\" preload=\"metadata\" controls=\"controls\"><source type=\"video\/mp4\" src=\"https:\/\/www.cz-lindbergh.cz\/wp-content\/uploads\/2023\/04\/TDSAL-2023.mp4?_=1\" \/><a href=\"https:\/\/www.cz-lindbergh.cz\/wp-content\/uploads\/2023\/04\/TDSAL-2023.mp4\">https:\/\/www.cz-lindbergh.cz\/wp-content\/uploads\/2023\/04\/TDSAL-2023.mp4<\/a><\/video><\/div>\n<div style=\"width: 1140px;\" class=\"wp-video\"><video class=\"wp-video-shortcode\" id=\"video-1182-2\" width=\"1140\" height=\"641\" preload=\"metadata\" controls=\"controls\"><source type=\"video\/mp4\" src=\"https:\/\/www.cz-lindbergh.cz\/wp-content\/uploads\/2023\/04\/TDSAL-NOSTRANI-2023.mp4?_=2\" \/><a href=\"https:\/\/www.cz-lindbergh.cz\/wp-content\/uploads\/2023\/04\/TDSAL-NOSTRANI-2023.mp4\">https:\/\/www.cz-lindbergh.cz\/wp-content\/uploads\/2023\/04\/TDSAL-NOSTRANI-2023.mp4<\/a><\/video><\/div>\n<div style=\"width: 1140px;\" class=\"wp-video\"><video class=\"wp-video-shortcode\" id=\"video-1182-3\" width=\"1140\" height=\"641\" preload=\"metadata\" controls=\"controls\"><source type=\"video\/mp4\" src=\"https:\/\/www.cz-lindbergh.cz\/wp-content\/uploads\/2023\/04\/TDSAL-nuovo-logo.mp4?_=3\" \/><a href=\"https:\/\/www.cz-lindbergh.cz\/wp-content\/uploads\/2023\/04\/TDSAL-nuovo-logo.mp4\">https:\/\/www.cz-lindbergh.cz\/wp-content\/uploads\/2023\/04\/TDSAL-nuovo-logo.mp4<\/a><\/video><\/div>\n<p>&nbsp;<\/p>\n","protected":false},"excerpt":{"rendered":"<p>Vyr\u00e1b\u00ed se v modelech DSAL\u00a0,\u00a0automatick\u00fd stroj na odstra\u0148ov\u00e1n\u00ed klipsen, s jednou nebo dvojitou hlavou, a TDSAL , na odstran\u011bn\u00ed klipsen&hellip;<\/p>\n","protected":false},"featured_media":1183,"comment_status":"closed","ping_status":"closed","template":"","meta":[],"product_cat":[48,41,40],"product_tag":[],"class_list":{"0":"post-1182","1":"product","2":"type-product","3":"status-publish","4":"has-post-thumbnail","6":"product_cat-automatizovane-systemy","7":"product_cat-reznicke-stroje","8":"product_cat-stroje","10":"first","11":"onbackorder","12":"taxable","13":"shipping-taxable","14":"product-type-simple"},"_links":{"self":[{"href":"https:\/\/www.cz-lindbergh.cz\/index.php?rest_route=\/wp\/v2\/product\/1182","targetHints":{"allow":["GET"]}}],"collection":[{"href":"https:\/\/www.cz-lindbergh.cz\/index.php?rest_route=\/wp\/v2\/product"}],"about":[{"href":"https:\/\/www.cz-lindbergh.cz\/index.php?rest_route=\/wp\/v2\/types\/product"}],"replies":[{"embeddable":true,"href":"https:\/\/www.cz-lindbergh.cz\/index.php?rest_route=%2Fwp%2Fv2%2Fcomments&post=1182"}],"wp:featuredmedia":[{"embeddable":true,"href":"https:\/\/www.cz-lindbergh.cz\/index.php?rest_route=\/wp\/v2\/media\/1183"}],"wp:attachment":[{"href":"https:\/\/www.cz-lindbergh.cz\/index.php?rest_route=%2Fwp%2Fv2%2Fmedia&parent=1182"}],"wp:term":[{"taxonomy":"product_cat","embeddable":true,"href":"https:\/\/www.cz-lindbergh.cz\/index.php?rest_route=%2Fwp%2Fv2%2Fproduct_cat&post=1182"},{"taxonomy":"product_tag","embeddable":true,"href":"https:\/\/www.cz-lindbergh.cz\/index.php?rest_route=%2Fwp%2Fv2%2Fproduct_tag&post=1182"}],"curies":[{"name":"wp","href":"https:\/\/api.w.org\/{rel}","templated":true}]}}