{"id":691,"date":"2023-01-31T13:41:10","date_gmt":"2023-01-31T13:41:10","guid":{"rendered":"https:\/\/www.cz-lindbergh.cz\/?post_type=product&#038;p=691"},"modified":"2023-05-31T08:54:43","modified_gmt":"2023-05-31T08:54:43","slug":"aprolin-pridrzovac-rukavic-fingerfix","status":"publish","type":"product","link":"https:\/\/www.cz-lindbergh.cz\/?product=aprolin-pridrzovac-rukavic-fingerfix","title":{"rendered":"REIKO aproLin\u00ae P\u0159idr\u017eova\u010d rukavic Fingerfix"},"content":{"rendered":"<p><strong>P\u0159esn\u011bji fixuje rukavice na ochranu proti bodnut\u00ed <\/strong><\/p>\n<p><strong>\u00a0\u00a0\u00a0\u00a0\u00a0 a dok\u00e1\u017ee kompenzovat p\u0159\u00edpadn\u00e9 rozd\u00edly velikosti. <\/strong><\/p>\n<p><strong>\u00a0\u00a0\u00a0\u00a0\u00a0 Fingerfix jsou extr\u00e9mn\u011b odoln\u00e9, obzvl\u00e1\u0161t\u011b elastick\u00e9, <\/strong><\/p>\n<p><strong>\u00a0\u00a0\u00a0\u00a0\u00a0 <\/strong><strong>a proto jsou k dispozici v jedn\u00e9 velikosti. Materi\u00e1l <\/strong><\/p>\n<p><strong>\u00a0\u00a0\u00a0\u00a0\u00a0 byl testov\u00e1n jako opakovan\u011b pou\u017eiteln\u00fd v\u00fdrobek <\/strong><\/p>\n<p><strong>\u00a0\u00a0\u00a0\u00a0\u00a0 v r\u00e1mci potravinov\u00e9 shody a jednozna\u010dn\u011b <\/strong><\/p>\n<p><strong>\u00a0\u00a0\u00a0\u00a0\u00a0 p\u0159ekra\u010duje po\u017eadavky<\/strong><\/p>\n","protected":false},"excerpt":{"rendered":"<p><strong>vyrobeno z elastick\u00e9 TPU f\u00f3lie (nelep\u00ed k sob\u011b)<\/strong><\/p>\n<ul>\n<li><strong>Materi\u00e1l: 300 \u00b5m<\/strong><\/li>\n<li><strong>Extr\u00e9mn\u011b odoln\u00e1<\/strong><\/li>\n<\/ul>\n<p><strong>Barvy: \u010derven\u00e1, b\u00edl\u00e1, modr\u00e1, \u017elut\u00e1, zelen\u00e1<\/strong><\/p>\n","protected":false},"featured_media":371,"comment_status":"closed","ping_status":"closed","template":"","meta":[],"product_cat":[39,72,51],"product_tag":[],"class_list":{"0":"post-691","1":"product","2":"type-product","3":"status-publish","4":"has-post-thumbnail","6":"product_cat-ochranne-pomucky-reiko","7":"product_cat-prislusenstvi-k-protipropichovym-rukavicim","8":"product_cat-protiporezove-a-protipropichove-pomucky","10":"first","11":"onbackorder","12":"taxable","13":"shipping-taxable","14":"product-type-simple"},"_links":{"self":[{"href":"https:\/\/www.cz-lindbergh.cz\/index.php?rest_route=\/wp\/v2\/product\/691","targetHints":{"allow":["GET"]}}],"collection":[{"href":"https:\/\/www.cz-lindbergh.cz\/index.php?rest_route=\/wp\/v2\/product"}],"about":[{"href":"https:\/\/www.cz-lindbergh.cz\/index.php?rest_route=\/wp\/v2\/types\/product"}],"replies":[{"embeddable":true,"href":"https:\/\/www.cz-lindbergh.cz\/index.php?rest_route=%2Fwp%2Fv2%2Fcomments&post=691"}],"wp:featuredmedia":[{"embeddable":true,"href":"https:\/\/www.cz-lindbergh.cz\/index.php?rest_route=\/wp\/v2\/media\/371"}],"wp:attachment":[{"href":"https:\/\/www.cz-lindbergh.cz\/index.php?rest_route=%2Fwp%2Fv2%2Fmedia&parent=691"}],"wp:term":[{"taxonomy":"product_cat","embeddable":true,"href":"https:\/\/www.cz-lindbergh.cz\/index.php?rest_route=%2Fwp%2Fv2%2Fproduct_cat&post=691"},{"taxonomy":"product_tag","embeddable":true,"href":"https:\/\/www.cz-lindbergh.cz\/index.php?rest_route=%2Fwp%2Fv2%2Fproduct_tag&post=691"}],"curies":[{"name":"wp","href":"https:\/\/api.w.org\/{rel}","templated":true}]}}