{"id":693,"date":"2023-01-31T13:44:53","date_gmt":"2023-01-31T13:44:53","guid":{"rendered":"https:\/\/www.cz-lindbergh.cz\/?post_type=product&#038;p=693"},"modified":"2023-05-31T08:53:09","modified_gmt":"2023-05-31T08:53:09","slug":"aprolin-detect-zastera","status":"publish","type":"product","link":"https:\/\/www.cz-lindbergh.cz\/?product=aprolin-detect-zastera","title":{"rendered":"REIKO aproLin\u00ae DETECT Z\u00e1st\u011bra"},"content":{"rendered":"<p><strong>Jednod\u00edln\u00e9, detekovateln\u00e9, ultralehk\u00e9, velmi pohodln\u00e9 <\/strong><\/p>\n<p><strong>\u00a0\u00a0\u00a0\u00a0\u00a0\u00a0\u00a0\u00a0\u00a0\u00a0\u00a0\u00a0 a velmi odoln\u00e9 TPU pracovn\u00ed z\u00e1st\u011bry s maxim\u00e1ln\u00edmi <\/strong><\/p>\n<p><strong>\u00a0\u00a0\u00a0\u00a0\u00a0\u00a0\u00a0\u00a0\u00a0\u00a0\u00a0\u00a0 hygienick\u00fdmi vlastnostmi. Zjistiteln\u00e1 alternativa k <\/strong><\/p>\n<p><strong>\u00a0\u00a0\u00a0\u00a0\u00a0\u00a0\u00a0\u00a0\u00a0\u00a0\u00a0\u00a0 jednor\u00e1zov\u00e9mu oble\u010den\u00ed, vhodn\u00e1 zejm\u00e9na pro masn\u00fd <\/strong><\/p>\n<p><strong>\u00a0\u00a0\u00a0\u00a0\u00a0\u00a0\u00a0\u00a0\u00a0\u00a0\u00a0 pr\u016fmysl, ryb\u00ed pr\u016fmysl, ml\u00e9k\u00e1rensk\u00fd pr\u016fmysl a lah\u016fdk\u00e1\u0159stv\u00ed<\/strong><\/p>\n","protected":false},"excerpt":{"rendered":"<p><strong>vyrobeno z TPU f\u00f3lie (bez l\u00e1tkov\u00e9 vlo\u017eky)<\/strong><\/p>\n<ul>\n<li><strong>Materi\u00e1l: 150 \u00b5m<\/strong><\/li>\n<li><strong>Flexibiln\u00ed p\u0159i n\u00edzk\u00fdch teplot\u00e1ch a\u017e do -65 \u00b0C<\/strong><\/li>\n<li><strong>Lze pr\u00e1t v pra\u010dce do 90 \u00b0C<\/strong><\/li>\n<li><strong>Vod\u011bodoln\u00fd<\/strong><\/li>\n<li><strong>Odol\u00e1v\u00e1 \u017eivo\u010di\u0161n\u00fdm olej\u016fm a tuk\u016fm, detergent\u016fm, <\/strong><\/li>\n<\/ul>\n<p><strong>n\u011bkter\u00fdm kyselin\u00e1m a z\u00e1sad\u00e1m<\/strong><\/p>\n<ul>\n<li><strong>D\u00e9lky: 105 | 115 | 125 | 135 | 145 | 155 cm<\/strong><\/li>\n<\/ul>\n<p>(jin\u00e9 d\u00e9lky na vy\u017e\u00e1d\u00e1n\u00ed)<\/p>\n<ul>\n<li><strong>\u0160\u00ed\u0159ka: 95 cm<\/strong><\/li>\n<\/ul>\n<p><strong>Barvy: modr\u00e1<\/strong><\/p>\n","protected":false},"featured_media":380,"comment_status":"closed","ping_status":"closed","template":"","meta":[],"product_cat":[56,61,39],"product_tag":[],"class_list":{"0":"post-693","1":"product","2":"type-product","3":"status-publish","4":"has-post-thumbnail","6":"product_cat-detekovatelne-obleceni","7":"product_cat-detekovatelne-zastery","8":"product_cat-ochranne-pomucky-reiko","10":"first","11":"onbackorder","12":"taxable","13":"shipping-taxable","14":"product-type-simple"},"_links":{"self":[{"href":"https:\/\/www.cz-lindbergh.cz\/index.php?rest_route=\/wp\/v2\/product\/693","targetHints":{"allow":["GET"]}}],"collection":[{"href":"https:\/\/www.cz-lindbergh.cz\/index.php?rest_route=\/wp\/v2\/product"}],"about":[{"href":"https:\/\/www.cz-lindbergh.cz\/index.php?rest_route=\/wp\/v2\/types\/product"}],"replies":[{"embeddable":true,"href":"https:\/\/www.cz-lindbergh.cz\/index.php?rest_route=%2Fwp%2Fv2%2Fcomments&post=693"}],"wp:featuredmedia":[{"embeddable":true,"href":"https:\/\/www.cz-lindbergh.cz\/index.php?rest_route=\/wp\/v2\/media\/380"}],"wp:attachment":[{"href":"https:\/\/www.cz-lindbergh.cz\/index.php?rest_route=%2Fwp%2Fv2%2Fmedia&parent=693"}],"wp:term":[{"taxonomy":"product_cat","embeddable":true,"href":"https:\/\/www.cz-lindbergh.cz\/index.php?rest_route=%2Fwp%2Fv2%2Fproduct_cat&post=693"},{"taxonomy":"product_tag","embeddable":true,"href":"https:\/\/www.cz-lindbergh.cz\/index.php?rest_route=%2Fwp%2Fv2%2Fproduct_tag&post=693"}],"curies":[{"name":"wp","href":"https:\/\/api.w.org\/{rel}","templated":true}]}}