{"id":697,"date":"2023-01-31T13:51:30","date_gmt":"2023-01-31T13:51:30","guid":{"rendered":"https:\/\/www.cz-lindbergh.cz\/?post_type=product&#038;p=697"},"modified":"2023-05-31T08:51:41","modified_gmt":"2023-05-31T08:51:41","slug":"aprolin-detect-rukavnik-standard-premium","status":"publish","type":"product","link":"https:\/\/www.cz-lindbergh.cz\/?product=aprolin-detect-rukavnik-standard-premium","title":{"rendered":"REIKO aproLin\u00ae DETECT Ruk\u00e1vn\u00edk Standard | Premium"},"content":{"rendered":"<p>Detekovateln\u00e9, ultralehk\u00e9 a odoln\u00e9 n\u00e1vleky z TPU. Pro v\u0161estrann\u00e9 pou\u017eit\u00ed a<\/p>\n<p>optimalizovanou\u00a0\u00a0 bezpe\u010dnost potravin (detekovateln\u00e1) ve v\u0161ech v\u00fdrobn\u00edch procesech v\u00a0 potravin\u00e1\u0159sk\u00e9m pr\u016fmyslu. Model Premium nab\u00edz\u00ed nositel\u016fm rukavic dodate\u010dnou ochranu proti\u00a0 vlhkosti a vlhkosti.<\/p>\n","protected":false},"excerpt":{"rendered":"<ul>\n<li><strong>vyrobeno z TPU f\u00f3lie (bez l\u00e1tkov\u00e9 vlo\u017eky)<\/strong><\/li>\n<li><strong>Materi\u00e1l: 150 \u00b5m<\/strong><\/li>\n<li><strong>Flexibiln\u00ed p\u0159i n\u00edzk\u00fdch teplot\u00e1ch a\u017e do -65 \u00b0C<\/strong><\/li>\n<li><strong>Lze pr\u00e1t v pra\u010dce do 90 \u00b0C<\/strong><\/li>\n<li><strong>Vod\u011bodoln\u00fd<\/strong><\/li>\n<li><strong>Odol\u00e1v\u00e1 \u017eivo\u010di\u0161n\u00fdm olej\u016fm a tuk\u016fm, detergent\u016fm, n\u011bkter\u00fdm kyselin\u00e1m a z\u00e1sad\u00e1m<\/strong><\/li>\n<li><strong>D\u00e9lky: 45 | 53 cm (Standard) | 50 cm (Premium)<\/strong><\/li>\n<li><strong>Barvy: modr\u00e1<\/strong><\/li>\n<\/ul>\n","protected":false},"featured_media":699,"comment_status":"closed","ping_status":"closed","template":"","meta":[],"product_cat":[56,63,39],"product_tag":[],"class_list":{"0":"post-697","1":"product","2":"type-product","3":"status-publish","4":"has-post-thumbnail","6":"product_cat-detekovatelne-obleceni","7":"product_cat-detekovatelne-rukavove-navleky","8":"product_cat-ochranne-pomucky-reiko","10":"first","11":"onbackorder","12":"taxable","13":"shipping-taxable","14":"product-type-simple"},"_links":{"self":[{"href":"https:\/\/www.cz-lindbergh.cz\/index.php?rest_route=\/wp\/v2\/product\/697","targetHints":{"allow":["GET"]}}],"collection":[{"href":"https:\/\/www.cz-lindbergh.cz\/index.php?rest_route=\/wp\/v2\/product"}],"about":[{"href":"https:\/\/www.cz-lindbergh.cz\/index.php?rest_route=\/wp\/v2\/types\/product"}],"replies":[{"embeddable":true,"href":"https:\/\/www.cz-lindbergh.cz\/index.php?rest_route=%2Fwp%2Fv2%2Fcomments&post=697"}],"wp:featuredmedia":[{"embeddable":true,"href":"https:\/\/www.cz-lindbergh.cz\/index.php?rest_route=\/wp\/v2\/media\/699"}],"wp:attachment":[{"href":"https:\/\/www.cz-lindbergh.cz\/index.php?rest_route=%2Fwp%2Fv2%2Fmedia&parent=697"}],"wp:term":[{"taxonomy":"product_cat","embeddable":true,"href":"https:\/\/www.cz-lindbergh.cz\/index.php?rest_route=%2Fwp%2Fv2%2Fproduct_cat&post=697"},{"taxonomy":"product_tag","embeddable":true,"href":"https:\/\/www.cz-lindbergh.cz\/index.php?rest_route=%2Fwp%2Fv2%2Fproduct_tag&post=697"}],"curies":[{"name":"wp","href":"https:\/\/api.w.org\/{rel}","templated":true}]}}