{"id":700,"date":"2023-01-31T13:54:26","date_gmt":"2023-01-31T13:54:26","guid":{"rendered":"https:\/\/www.cz-lindbergh.cz\/?post_type=product&#038;p=700"},"modified":"2023-05-31T08:51:00","modified_gmt":"2023-05-31T08:51:00","slug":"meshflex-prime-protiporezova-rukavice","status":"publish","type":"product","link":"https:\/\/www.cz-lindbergh.cz\/?product=meshflex-prime-protiporezova-rukavice","title":{"rendered":"REIKO meshFlex\u00ae PRIME Protipo\u0159ezov\u00e1 rukavice"},"content":{"rendered":"<p><strong>MeshFlex\u00ae PRIME dosahuje nejvy\u0161\u0161\u00ed t\u0159\u00eddy ochrany proti pro\u0159\u00edznut\u00ed F v r\u00e1mci nov\u00e9 normy EN388:2016 a jasn\u011b p\u0159ekra\u010duje po\u017eadovan\u00fd v\u00fdkon 30N. Navzdory vysok\u00e9 odolnosti proti pro\u0159\u00edznut\u00ed d\u00edky inovativn\u00edm a udr\u017eiteln\u00fdm vysoce v\u00fdkonn\u00fdm vl\u00e1kn\u016fm je PRIME jemn\u011b pleten\u00e1, velmi lehk\u00e1 a m\u00e1 velmi dobrou hmatovou citlivost. D\u00edky tomu je PRIME spr\u00e1vnou volbou pro spolehlivou ochranu proti po\u0159ez\u00e1n\u00ed \u2013 ide\u00e1ln\u00ed pro ruce s no\u017eem v potravin\u00e1\u0159sk\u00e9m pr\u016fmyslu<\/strong><\/p>\n","protected":false},"excerpt":{"rendered":"<ul>\n<li><strong>Vyrobeno z vysoce kvalitn\u00edch vl\u00e1ken s j\u00e1drem z nerezov\u00e9 oceli\u00a0<\/strong><\/li>\n<li><strong>vynikaj\u00edc\u00ed hmatov\u00e1 citlivost<\/strong><\/li>\n<\/ul>\n<p><strong>\u00a0 \u00a0 \u00a0 <\/strong><strong>\u2022 S\u00edla pleten\u00ed: 13<\/strong><\/p>\n<ul>\n<li><strong>bez skeln\u00fdch vl\u00e1ken<\/strong><\/li>\n<li><strong> Mo\u017enost pran\u00ed v pra\u010dce na 95\u00b0C<\/strong><\/li>\n<li><strong>extra dlouh\u00e1 man\u017eeta <\/strong><strong> EN 388:2016: 4X4X<\/strong><\/li>\n<li><strong>nejvy\u0161\u0161\u00ed komfort no\u0161en\u00ed <\/strong><strong> EN ISO 13997: Level F<\/strong><\/li>\n<li><strong>Ozna\u010den\u00ed velikosti na man\u017eet\u011b dle Euronormy\u00a0\u00a0\u00a0\u00a0\u00a0\u00a0\u00a0\u00a0\u00a0\u00a0\u00a0\u00a0\u00a0\u00a0\u00a0\u00a0\u00a0\u00a0\u00a0\u00a0\u00a0\u00a0\u00a0\u00a0\u00a0\u00a0 <\/strong>XXS (5)\u00a0\u00a0\u00a0\u00a0\u00a0\u00a0\u00a0\u00a0 XS (6)\u00a0\u00a0\u00a0\u00a0\u00a0\u00a0\u00a0\u00a0 S (7)\u00a0\u00a0\u00a0\u00a0\u00a0\u00a0\u00a0\u00a0 M (8)\u00a0\u00a0\u00a0\u00a0\u00a0\u00a0\u00a0 L (9)\u00a0\u00a0\u00a0\u00a0\u00a0\u00a0\u00a0\u00a0 XL (10)\u00a0\u00a0\u00a0\u00a0\u00a0\u00a0\u00a0\u00a0 XXL (11)<\/li>\n<\/ul>\n","protected":false},"featured_media":701,"comment_status":"closed","ping_status":"closed","template":"","meta":[],"product_cat":[39,51],"product_tag":[],"class_list":{"0":"post-700","1":"product","2":"type-product","3":"status-publish","4":"has-post-thumbnail","6":"product_cat-ochranne-pomucky-reiko","7":"product_cat-protiporezove-a-protipropichove-pomucky","9":"first","10":"onbackorder","11":"taxable","12":"shipping-taxable","13":"product-type-simple"},"_links":{"self":[{"href":"https:\/\/www.cz-lindbergh.cz\/index.php?rest_route=\/wp\/v2\/product\/700","targetHints":{"allow":["GET"]}}],"collection":[{"href":"https:\/\/www.cz-lindbergh.cz\/index.php?rest_route=\/wp\/v2\/product"}],"about":[{"href":"https:\/\/www.cz-lindbergh.cz\/index.php?rest_route=\/wp\/v2\/types\/product"}],"replies":[{"embeddable":true,"href":"https:\/\/www.cz-lindbergh.cz\/index.php?rest_route=%2Fwp%2Fv2%2Fcomments&post=700"}],"wp:featuredmedia":[{"embeddable":true,"href":"https:\/\/www.cz-lindbergh.cz\/index.php?rest_route=\/wp\/v2\/media\/701"}],"wp:attachment":[{"href":"https:\/\/www.cz-lindbergh.cz\/index.php?rest_route=%2Fwp%2Fv2%2Fmedia&parent=700"}],"wp:term":[{"taxonomy":"product_cat","embeddable":true,"href":"https:\/\/www.cz-lindbergh.cz\/index.php?rest_route=%2Fwp%2Fv2%2Fproduct_cat&post=700"},{"taxonomy":"product_tag","embeddable":true,"href":"https:\/\/www.cz-lindbergh.cz\/index.php?rest_route=%2Fwp%2Fv2%2Fproduct_tag&post=700"}],"curies":[{"name":"wp","href":"https:\/\/api.w.org\/{rel}","templated":true}]}}