{"id":704,"date":"2023-01-31T14:00:54","date_gmt":"2023-01-31T14:00:54","guid":{"rendered":"https:\/\/www.cz-lindbergh.cz\/?post_type=product&#038;p=704"},"modified":"2023-05-31T08:49:51","modified_gmt":"2023-05-31T08:49:51","slug":"meshflex-prime-s-protiporezovy-rukav","status":"publish","type":"product","link":"https:\/\/www.cz-lindbergh.cz\/?product=meshflex-prime-s-protiporezovy-rukav","title":{"rendered":"REIKO meshFlex\u00ae PRIME-S Protipo\u0159ezov\u00fd ruk\u00e1v"},"content":{"rendered":"<p>Robustn\u00ed ochrana pa\u017e\u00ed &#8211; Speci\u00e1ln\u011b navr\u017een\u00e1 pro spolehlivou<\/p>\n<p>ochranu p\u0159edlokt\u00ed p\u0159ed \u0159ezn\u00fdmi ranami a chladem<\/p>\n<p>v potravin\u00e1\u0159sk\u00e9m pr\u016fmyslu.<\/p>\n","protected":false},"excerpt":{"rendered":"<ul>\n<li><strong>Vyrobeno z vysoce kvalitn\u00edch <\/strong><strong>vl\u00e1ken<\/strong><strong> s j\u00e1drem z nerezov\u00e9 oceli<\/strong><\/li>\n<\/ul>\n<ul>\n<li><strong>bez skeln\u00fdch vl\u00e1ken<\/strong><\/li>\n<li><strong>vysok\u00fd komfort no\u0161en\u00ed<\/strong><\/li>\n<li><strong>S\u00edla pleten\u00ed: 10<\/strong><\/li>\n<li><strong>Mo\u017enost pran\u00ed v pra\u010dce na 95\u00b0C<\/strong><\/li>\n<li><strong>EN 388:2016: 4X4X<\/strong><\/li>\n<li><strong>EN ISO 13997:<\/strong><\/li>\n<\/ul>\n<p><strong>Level F<\/strong><\/p>\n","protected":false},"featured_media":378,"comment_status":"closed","ping_status":"closed","template":"","meta":[],"product_cat":[39,51],"product_tag":[],"class_list":{"0":"post-704","1":"product","2":"type-product","3":"status-publish","4":"has-post-thumbnail","6":"product_cat-ochranne-pomucky-reiko","7":"product_cat-protiporezove-a-protipropichove-pomucky","9":"first","10":"onbackorder","11":"taxable","12":"shipping-taxable","13":"product-type-simple"},"_links":{"self":[{"href":"https:\/\/www.cz-lindbergh.cz\/index.php?rest_route=\/wp\/v2\/product\/704","targetHints":{"allow":["GET"]}}],"collection":[{"href":"https:\/\/www.cz-lindbergh.cz\/index.php?rest_route=\/wp\/v2\/product"}],"about":[{"href":"https:\/\/www.cz-lindbergh.cz\/index.php?rest_route=\/wp\/v2\/types\/product"}],"replies":[{"embeddable":true,"href":"https:\/\/www.cz-lindbergh.cz\/index.php?rest_route=%2Fwp%2Fv2%2Fcomments&post=704"}],"wp:featuredmedia":[{"embeddable":true,"href":"https:\/\/www.cz-lindbergh.cz\/index.php?rest_route=\/wp\/v2\/media\/378"}],"wp:attachment":[{"href":"https:\/\/www.cz-lindbergh.cz\/index.php?rest_route=%2Fwp%2Fv2%2Fmedia&parent=704"}],"wp:term":[{"taxonomy":"product_cat","embeddable":true,"href":"https:\/\/www.cz-lindbergh.cz\/index.php?rest_route=%2Fwp%2Fv2%2Fproduct_cat&post=704"},{"taxonomy":"product_tag","embeddable":true,"href":"https:\/\/www.cz-lindbergh.cz\/index.php?rest_route=%2Fwp%2Fv2%2Fproduct_tag&post=704"}],"curies":[{"name":"wp","href":"https:\/\/api.w.org\/{rel}","templated":true}]}}