{"id":707,"date":"2023-01-31T14:09:44","date_gmt":"2023-01-31T14:09:44","guid":{"rendered":"https:\/\/www.cz-lindbergh.cz\/?post_type=product&#038;p=707"},"modified":"2023-05-31T08:48:31","modified_gmt":"2023-05-31T08:48:31","slug":"meshflex-standard-protipropichova-rukavice-rukavova","status":"publish","type":"product","link":"https:\/\/www.cz-lindbergh.cz\/?product=meshflex-standard-protipropichova-rukavice-rukavova","title":{"rendered":"REIKO meshFlex\u00ae STANDARD Protipropichov\u00e1 rukavice ruk\u00e1vov\u00e1"},"content":{"rendered":"<p><strong>Kompletn\u00ed ochrana pa\u017ee s ramenn\u00edmi popruhy a detekovatelnou s\u00ed\u0165ovinou z nerezov\u00e9 oceli. Pro roz\u0161\u00ed\u0159enou ochranu horn\u00ed \u010d\u00e1sti pa\u017ee a oblasti ramen. Zvl\u00e1\u0161t\u011b pro pr\u00e1ci, kter\u00e1 p\u0159esahuje \u00farove\u0148 ramen<\/strong><\/p>\n","protected":false},"excerpt":{"rendered":"<ul>\n<li><strong>Men\u0161\u00ed a \u00fa\u010dinn\u011bj\u0161\u00ed krou\u017ekov\u00e1 s\u00ed\u0165 z nerezov\u00e9 oceli ne\u017e zn\u00e1m\u00e9 rukavice<\/strong><\/li>\n<li><strong>EFS \u2013 ErgoFitSystem pro lep\u0161\u00ed uchopen\u00ed a dokonal\u00e9 padnut\u00ed<\/strong><\/li>\n<li><strong>detekovateln\u00e9<\/strong><\/li>\n<li><strong>pln\u011b hygienick\u00e1 a snadno se udr\u017euje<\/strong><\/li>\n<li><strong>Elastick\u00fd a m\u011bkk\u00fd plastov\u00fd uzav\u00edrac\u00ed p\u00e1sek<\/strong><\/li>\n<\/ul>\n<p><strong>Lev\u00e1 a prav\u00e1 verze pro dokonal\u00e9 pohodl\u00ed p\u0159i no\u0161en\u00ed <\/strong><\/p>\n<p>(nen\u00ed nositeln\u00e9 z obou stran)<\/p>\n<ul>\n<li><strong>Jednoduch\u00e9 zav\u00edr\u00e1n\u00ed s osv\u011bd\u010denou technologi\u00ed tla\u010d\u00edtka pro p\u0159esn\u00e9 nastaven\u00ed a z\u00e1rove\u0148 vhodn\u00e9 pro rychl\u00e9 sund\u00e1n\u00ed<\/strong><\/li>\n<li><strong> Snadn\u00e1 v\u00fdm\u011bna uzav\u00edrac\u00edho p\u00e1sku s osv\u011bd\u010denou <\/strong><strong>patentekovou technologi\u00ed <\/strong>(nen\u00ed pot\u0159eba \u017e\u00e1dn\u00e9 n\u00e1\u0159ad\u00ed)<\/li>\n<\/ul>\n<ul>\n<li><strong>pru\u017en\u00e9 plastov\u00e9 p\u00e1sky (<\/strong>rukavice<strong>)<\/strong><\/li>\n<li><strong>S\u00e9riov\u00e9 \u010d\u00edslo (<\/strong>voliteln\u00e9 ozna\u010den\u00ed \u010d\u00e1rov\u00fdm k\u00f3dem<strong>)<\/strong><\/li>\n<li><strong>RFID-Chip voliteln\u011b<\/strong><\/li>\n<li><strong>CE certifikov\u00e1no podle DIN EN 1082-1<\/strong><\/li>\n<li><strong>DIN EN 1811<\/strong><\/li>\n<li><strong>Ozna\u010den\u00ed velikosti na man\u017eet\u011b dle Euronormy\u00a0\u00a0\u00a0\u00a0\u00a0\u00a0\u00a0\u00a0\u00a0\u00a0\u00a0\u00a0\u00a0\u00a0\u00a0\u00a0\u00a0\u00a0\u00a0\u00a0\u00a0\u00a0\u00a0\u00a0\u00a0\u00a0 <\/strong>XXS (5)\u00a0\u00a0\u00a0\u00a0\u00a0\u00a0\u00a0\u00a0 XS (6)\u00a0\u00a0\u00a0\u00a0\u00a0\u00a0\u00a0\u00a0 S (7)\u00a0\u00a0\u00a0\u00a0\u00a0\u00a0\u00a0\u00a0 M (8)\u00a0\u00a0\u00a0\u00a0\u00a0\u00a0\u00a0 L (9)\u00a0\u00a0\u00a0\u00a0\u00a0\u00a0\u00a0\u00a0 XL (10)\u00a0\u00a0\u00a0\u00a0\u00a0\u00a0\u00a0\u00a0 XXL (11)<\/li>\n<\/ul>\n","protected":false},"featured_media":370,"comment_status":"closed","ping_status":"closed","template":"","meta":[],"product_cat":[39,51,69],"product_tag":[],"class_list":{"0":"post-707","1":"product","2":"type-product","3":"status-publish","4":"has-post-thumbnail","6":"product_cat-ochranne-pomucky-reiko","7":"product_cat-protiporezove-a-protipropichove-pomucky","8":"product_cat-protipropichove-rukavice","10":"first","11":"onbackorder","12":"taxable","13":"shipping-taxable","14":"product-type-simple"},"_links":{"self":[{"href":"https:\/\/www.cz-lindbergh.cz\/index.php?rest_route=\/wp\/v2\/product\/707","targetHints":{"allow":["GET"]}}],"collection":[{"href":"https:\/\/www.cz-lindbergh.cz\/index.php?rest_route=\/wp\/v2\/product"}],"about":[{"href":"https:\/\/www.cz-lindbergh.cz\/index.php?rest_route=\/wp\/v2\/types\/product"}],"replies":[{"embeddable":true,"href":"https:\/\/www.cz-lindbergh.cz\/index.php?rest_route=%2Fwp%2Fv2%2Fcomments&post=707"}],"wp:featuredmedia":[{"embeddable":true,"href":"https:\/\/www.cz-lindbergh.cz\/index.php?rest_route=\/wp\/v2\/media\/370"}],"wp:attachment":[{"href":"https:\/\/www.cz-lindbergh.cz\/index.php?rest_route=%2Fwp%2Fv2%2Fmedia&parent=707"}],"wp:term":[{"taxonomy":"product_cat","embeddable":true,"href":"https:\/\/www.cz-lindbergh.cz\/index.php?rest_route=%2Fwp%2Fv2%2Fproduct_cat&post=707"},{"taxonomy":"product_tag","embeddable":true,"href":"https:\/\/www.cz-lindbergh.cz\/index.php?rest_route=%2Fwp%2Fv2%2Fproduct_tag&post=707"}],"curies":[{"name":"wp","href":"https:\/\/api.w.org\/{rel}","templated":true}]}}