{"id":708,"date":"2023-01-31T14:13:48","date_gmt":"2023-01-31T14:13:48","guid":{"rendered":"https:\/\/www.cz-lindbergh.cz\/?post_type=product&#038;p=708"},"modified":"2023-05-31T08:47:56","modified_gmt":"2023-05-31T08:47:56","slug":"meshflex-protipropichova-zastera","status":"publish","type":"product","link":"https:\/\/www.cz-lindbergh.cz\/?product=meshflex-protipropichova-zastera","title":{"rendered":"REIKO meshFlex\u00ae Protipropichov\u00e1 z\u00e1st\u011bra"},"content":{"rendered":"<p><strong>meshFlex\u00ae z\u00e1st\u011bry na ochranu proti bodnut\u00ed jsou vyrobeny z vysoce kvalitn\u00ed nerezov\u00e9 oceli a jsou vyvinuty a vyrobeny podle nejnov\u011bj\u0161\u00edch hygienick\u00fdch a bezpe\u010dnostn\u00edch po\u017eadavk\u016f. Kovov\u00e1 kruhov\u00e1 s\u00ed\u0165ovina (\u00d8 krou\u017eku: 3,8 mm), kter\u00e1 je men\u0161\u00ed ne\u017e u b\u011b\u017en\u00fdch z\u00e1st\u011brek na ochranu proti bodnut\u00ed, a vysoce kvalitn\u00ed nosn\u00fd syst\u00e9m zaru\u010duj\u00ed extr\u00e9mn\u011b vysok\u00fd komfort no\u0161en\u00ed. Syst\u00e9m Ergo-Fit nav\u00edc zaji\u0161\u0165uje velmi dobr\u00e9 padnut\u00ed a bezpe\u010dn\u00e9 uchycen\u00ed z\u00e1st\u011bry. Hust\u00e1 3,8 mm kruhov\u00e1 s\u00ed\u0165ovina zaji\u0161\u0165uje maxim\u00e1ln\u00ed ochranu proti \u017eivotu nebezpe\u010dn\u00fdm \u0159ez\u016fm a prop\u00edchnut\u00ed. Detekovatelnost jednotliv\u00fdch slo\u017eek z\u00e1rove\u0148 zvy\u0161uje bezpe\u010dnost potravin v r\u00e1mci v\u00fdrobn\u00edch proces\u016f<\/strong><\/p>\n","protected":false},"excerpt":{"rendered":"<ul>\n<li><strong>men\u0161\u00ed a \u00fa\u010dinn\u011bj\u0161\u00ed nerezov\u00e1 kruhov\u00e1 s\u00ed\u0165 <\/strong><strong>ne\u017e zn\u00e1m\u00e9 z\u00e1st\u011bry (\u00d8 krou\u017eku: 3,8 mm)<\/strong><\/li>\n<li><strong>detekovateln\u00e9<\/strong><\/li>\n<li><strong>lehk\u00e9 a pohodln\u00e9 na no\u0161en\u00ed<\/strong><\/li>\n<li><strong>snadn\u00e1 \u00fadr\u017eba a \u010di\u0161t\u011bn\u00ed bez zbytk\u016f<\/strong><\/li>\n<li><strong>Nastaviteln\u00fd, robustn\u00ed a pohodln\u00fd nosn\u00fd syst\u00e9m z TPU<\/strong><\/li>\n<li><strong> S\u00e9riov\u00e9 \u010d\u00edslo <\/strong>(Ozna\u010den\u00ed \u010d\u00e1rov\u00fdm k\u00f3dem voliteln\u00e9)<\/li>\n<li><strong>RFID-Chip voliteln\u011b<\/strong><\/li>\n<li><strong>velikosti: 75&#215;45 cm, 80&#215;55 cm, 85&#215;60 cm<\/strong><\/li>\n<li><strong>CE certifikov\u00e1no podle DIN EN ISO 13998:2003\/05 <\/strong><strong>(V\u00fdkonnostn\u00ed t\u0159\u00edda 2)<\/strong><\/li>\n<li><strong>DIN<\/strong> <strong>EN<\/strong> <strong>1811<\/strong><\/li>\n<\/ul>\n","protected":false},"featured_media":709,"comment_status":"closed","ping_status":"closed","template":"","meta":[],"product_cat":[39,51,70],"product_tag":[],"class_list":{"0":"post-708","1":"product","2":"type-product","3":"status-publish","4":"has-post-thumbnail","6":"product_cat-ochranne-pomucky-reiko","7":"product_cat-protiporezove-a-protipropichove-pomucky","8":"product_cat-protipropichove-zastery","10":"first","11":"onbackorder","12":"taxable","13":"shipping-taxable","14":"product-type-simple"},"_links":{"self":[{"href":"https:\/\/www.cz-lindbergh.cz\/index.php?rest_route=\/wp\/v2\/product\/708","targetHints":{"allow":["GET"]}}],"collection":[{"href":"https:\/\/www.cz-lindbergh.cz\/index.php?rest_route=\/wp\/v2\/product"}],"about":[{"href":"https:\/\/www.cz-lindbergh.cz\/index.php?rest_route=\/wp\/v2\/types\/product"}],"replies":[{"embeddable":true,"href":"https:\/\/www.cz-lindbergh.cz\/index.php?rest_route=%2Fwp%2Fv2%2Fcomments&post=708"}],"wp:featuredmedia":[{"embeddable":true,"href":"https:\/\/www.cz-lindbergh.cz\/index.php?rest_route=\/wp\/v2\/media\/709"}],"wp:attachment":[{"href":"https:\/\/www.cz-lindbergh.cz\/index.php?rest_route=%2Fwp%2Fv2%2Fmedia&parent=708"}],"wp:term":[{"taxonomy":"product_cat","embeddable":true,"href":"https:\/\/www.cz-lindbergh.cz\/index.php?rest_route=%2Fwp%2Fv2%2Fproduct_cat&post=708"},{"taxonomy":"product_tag","embeddable":true,"href":"https:\/\/www.cz-lindbergh.cz\/index.php?rest_route=%2Fwp%2Fv2%2Fproduct_tag&post=708"}],"curies":[{"name":"wp","href":"https:\/\/api.w.org\/{rel}","templated":true}]}}