{"id":716,"date":"2023-01-31T14:27:12","date_gmt":"2023-01-31T14:27:12","guid":{"rendered":"https:\/\/www.cz-lindbergh.cz\/?post_type=product&#038;p=716"},"modified":"2023-05-31T08:46:01","modified_gmt":"2023-05-31T08:46:01","slug":"aprotex-zastera-export","status":"publish","type":"product","link":"https:\/\/www.cz-lindbergh.cz\/?product=aprotex-zastera-export","title":{"rendered":"REIKO aproTex\u00ae Z\u00e1st\u011bra EXPORT"},"content":{"rendered":"<p><strong>Tradi\u010dn\u00ed \u0159eznick\u00e1 z\u00e1st\u011bra v t\u011b\u017ek\u00e9m a robustn\u00edm proveden\u00ed <\/strong><\/p>\n<p><strong>\u00a0\u00a0\u00a0\u00a0\u00a0\u00a0\u00a0\u00a0\u00a0\u00a0\u00a0\u00a0\u00a0 pro intenzivn\u00ed n\u00e1roky. Zvl\u00e1\u0161t\u011b vhodn\u00e9 pro \u0159eznictv\u00ed, chov ryb <\/strong><\/p>\n<p><strong>\u00a0\u00a0\u00a0\u00a0\u00a0\u00a0\u00a0\u00a0\u00a0\u00a0\u00a0\u00a0\u00a0 a ml\u00e9k\u00e1rensk\u00fd pr\u016fmysl. Odpov\u00edd\u00e1 LFBG a specifikac\u00edm <\/strong><\/p>\n<p><strong>\u00a0\u00a0\u00a0\u00a0\u00a0\u00a0\u00a0\u00a0\u00a0\u00a0\u00a0\u00a0\u00a0 p\u0159\u00edslu\u0161n\u00fdch p\u0159\u00edslu\u0161n\u00fdch doporu\u010den\u00ed BfR<\/strong><\/p>\n","protected":false},"excerpt":{"rendered":"<p><strong>vyrobeno z oboustrann\u00e9 tkaniny pogumovan\u00e9 NBR<\/strong><\/p>\n<ul>\n<li><strong>Materi\u00e1l: st\u0159edn\u011b t\u011b\u017ek\u00fd<\/strong><\/li>\n<li><strong>Neob\u0161it\u00fd nebo ob\u0161it\u00fd okraj<\/strong><\/li>\n<li><strong>Omyvateln\u00e1<\/strong><\/li>\n<li><strong>trvale flexibiln\u00ed<\/strong><\/li>\n<li><strong>vod\u011bodoln\u00e1<\/strong><\/li>\n<li><strong>Odol\u00e1v\u00e1 \u017eivo\u010di\u0161n\u00fdm olej\u016fm a tuk\u016fm, siln\u00fdm detergent\u016fm, <\/strong><\/li>\n<\/ul>\n<p><strong>\u00a0 \u00a0 \u00a0 \u00a0 \u00a0 n\u011bkter\u00fdm kyselin\u00e1m a z\u00e1sad\u00e1m<\/strong><\/p>\n<ul>\n<li><strong>tepeln\u011b odoln\u00fd<\/strong><\/li>\n<li><strong>D\u00e9lky: 90 cm &#8211; 140 cm <\/strong>(jin\u00e9 d\u00e9lky na vy\u017e\u00e1d\u00e1n\u00ed)<\/li>\n<\/ul>\n<ul>\n<li><strong>\u0160\u00ed\u0159ky:<\/strong> <strong>90<\/strong> <strong>cm<\/strong> <strong>(neob\u0161it\u00fd okraj)<\/strong><strong>\u00a0 \u00a0 \u00a0 \u00a0 \u00a0 \u00a0<\/strong><strong>100 cm (ob\u0161it\u00fd okraj)<\/strong><\/li>\n<\/ul>\n<ul>\n<li><strong>Barvy: b\u00edl\u00e1<\/strong><\/li>\n<\/ul>\n","protected":false},"featured_media":717,"comment_status":"closed","ping_status":"closed","template":"","meta":[],"product_cat":[39,53],"product_tag":[],"class_list":{"0":"post-716","1":"product","2":"type-product","3":"status-publish","4":"has-post-thumbnail","6":"product_cat-ochranne-pomucky-reiko","7":"product_cat-zastery","9":"first","10":"onbackorder","11":"taxable","12":"shipping-taxable","13":"product-type-simple"},"_links":{"self":[{"href":"https:\/\/www.cz-lindbergh.cz\/index.php?rest_route=\/wp\/v2\/product\/716","targetHints":{"allow":["GET"]}}],"collection":[{"href":"https:\/\/www.cz-lindbergh.cz\/index.php?rest_route=\/wp\/v2\/product"}],"about":[{"href":"https:\/\/www.cz-lindbergh.cz\/index.php?rest_route=\/wp\/v2\/types\/product"}],"replies":[{"embeddable":true,"href":"https:\/\/www.cz-lindbergh.cz\/index.php?rest_route=%2Fwp%2Fv2%2Fcomments&post=716"}],"wp:featuredmedia":[{"embeddable":true,"href":"https:\/\/www.cz-lindbergh.cz\/index.php?rest_route=\/wp\/v2\/media\/717"}],"wp:attachment":[{"href":"https:\/\/www.cz-lindbergh.cz\/index.php?rest_route=%2Fwp%2Fv2%2Fmedia&parent=716"}],"wp:term":[{"taxonomy":"product_cat","embeddable":true,"href":"https:\/\/www.cz-lindbergh.cz\/index.php?rest_route=%2Fwp%2Fv2%2Fproduct_cat&post=716"},{"taxonomy":"product_tag","embeddable":true,"href":"https:\/\/www.cz-lindbergh.cz\/index.php?rest_route=%2Fwp%2Fv2%2Fproduct_tag&post=716"}],"curies":[{"name":"wp","href":"https:\/\/api.w.org\/{rel}","templated":true}]}}