{"id":718,"date":"2023-01-31T14:30:47","date_gmt":"2023-01-31T14:30:47","guid":{"rendered":"https:\/\/www.cz-lindbergh.cz\/?post_type=product&#038;p=718"},"modified":"2023-05-31T08:45:21","modified_gmt":"2023-05-31T08:45:21","slug":"aprotex-el-zastera","status":"publish","type":"product","link":"https:\/\/www.cz-lindbergh.cz\/?product=aprotex-el-zastera","title":{"rendered":"REIKO aproTex\u00ae -EL- Z\u00e1st\u011bra"},"content":{"rendered":"<p>Extra lehk\u00e9, ultralehk\u00e9 a velmi pohodln\u00e9 PU z\u00e1st\u011bry<\/p>\n<p>s jednostrann\u00fdm nastaven\u00edm n\u00e1kr\u010dn\u00edku pro r\u016fzn\u00e9<\/p>\n<p>oblasti potravin\u00e1\u0159sk\u00e9ho pr\u016fmyslu. Kvalitn\u011bj\u0161\u00ed zpracov\u00e1n\u00ed<\/p>\n<p>ne\u017e u zn\u00e1m\u00fdch konkuren\u010dn\u00edch produkt\u016f (\u017e\u00e1dn\u00fd<\/p>\n<p>zauzlovan\u00fd krk nebo bo\u010dn\u00ed p\u00e1sky). Obzvl\u00e1\u0161t\u011b vhodn\u00e9<\/p>\n<p>pro pultov\u00e9 prostory v \u0159eznictv\u00edch, \u0159eznictv\u00edch, ryb\u00edch<\/p>\n<p>obchodech, supermarketech, HoReCa<\/p>\n<p>a kuchyn\u00edch j\u00eddelen.<\/p>\n","protected":false},"excerpt":{"rendered":"<ul>\n<li><strong>Vyrobeno z polyesterov\u00e9 tkaniny s polyuretanov\u00fdm n\u00e1t\u011brem na jedn\u00e9 stran\u011b<\/strong><\/li>\n<li><strong>P\u00e1sek kolem krku: pevn\u011b \u0161it\u00fd a nastaviteln\u00fd na jedn\u00e9 stran\u011b <\/strong><strong>ze stejn\u00e9ho materi\u00e1lu jako z\u00e1st\u011bra<\/strong><\/li>\n<\/ul>\n<ul>\n<li><strong>Zap\u00edn\u00e1n\u00ed v pase: Polyesterov\u00e1 keprov\u00e1 p\u00e1ska<\/strong><\/li>\n<li><strong>trvale flexibiln\u00ed<\/strong><\/li>\n<li><strong>vod\u011bodoln\u00e1<\/strong><\/li>\n<li><strong>Odoln\u00e9 v\u016f\u010di \u017eivo\u010di\u0161n\u00fdm olej\u016fm a tuk\u016fm<\/strong><\/li>\n<li><strong>D\u00e9lky: 90 cm &#8211; 130 cm <\/strong>(jin\u00e9 d\u00e9lky na vy\u017e\u00e1d\u00e1n\u00ed)<\/li>\n<li><strong>\u0160\u00ed\u0159ky: 70 |90 cm<\/strong><\/li>\n<\/ul>\n<p><strong>barvy:<\/strong><\/p>\n","protected":false},"featured_media":383,"comment_status":"closed","ping_status":"closed","template":"","meta":[],"product_cat":[39,53],"product_tag":[],"class_list":{"0":"post-718","1":"product","2":"type-product","3":"status-publish","4":"has-post-thumbnail","6":"product_cat-ochranne-pomucky-reiko","7":"product_cat-zastery","9":"first","10":"onbackorder","11":"taxable","12":"shipping-taxable","13":"product-type-simple"},"_links":{"self":[{"href":"https:\/\/www.cz-lindbergh.cz\/index.php?rest_route=\/wp\/v2\/product\/718","targetHints":{"allow":["GET"]}}],"collection":[{"href":"https:\/\/www.cz-lindbergh.cz\/index.php?rest_route=\/wp\/v2\/product"}],"about":[{"href":"https:\/\/www.cz-lindbergh.cz\/index.php?rest_route=\/wp\/v2\/types\/product"}],"replies":[{"embeddable":true,"href":"https:\/\/www.cz-lindbergh.cz\/index.php?rest_route=%2Fwp%2Fv2%2Fcomments&post=718"}],"wp:featuredmedia":[{"embeddable":true,"href":"https:\/\/www.cz-lindbergh.cz\/index.php?rest_route=\/wp\/v2\/media\/383"}],"wp:attachment":[{"href":"https:\/\/www.cz-lindbergh.cz\/index.php?rest_route=%2Fwp%2Fv2%2Fmedia&parent=718"}],"wp:term":[{"taxonomy":"product_cat","embeddable":true,"href":"https:\/\/www.cz-lindbergh.cz\/index.php?rest_route=%2Fwp%2Fv2%2Fproduct_cat&post=718"},{"taxonomy":"product_tag","embeddable":true,"href":"https:\/\/www.cz-lindbergh.cz\/index.php?rest_route=%2Fwp%2Fv2%2Fproduct_tag&post=718"}],"curies":[{"name":"wp","href":"https:\/\/api.w.org\/{rel}","templated":true}]}}