{"id":728,"date":"2023-01-31T14:53:36","date_gmt":"2023-01-31T14:53:36","guid":{"rendered":"https:\/\/www.cz-lindbergh.cz\/?post_type=product&#038;p=728"},"modified":"2023-05-31T08:38:00","modified_gmt":"2023-05-31T08:38:00","slug":"aprotex-camu-zastera","status":"publish","type":"product","link":"https:\/\/www.cz-lindbergh.cz\/?product=aprotex-camu-zastera","title":{"rendered":"REIKO aproTex\u00ae CAMU Z\u00e1st\u011bra"},"content":{"rendered":"<p>Velmi lehk\u00e1 PU univerz\u00e1ln\u00ed z\u00e1st\u011bra.<\/p>\n<p>Obzvl\u00e1\u0161t\u011b vhodn\u00e9 pro obchod, servis a pultov\u00e9 prodejny.<\/p>\n","protected":false},"excerpt":{"rendered":"<ul>\n<li><strong>vyrobeno z nylonov\u00e9 tkaniny<\/strong><\/li>\n<li><strong>s jednostrann\u00fdm polyuretanov\u00fdm z\u00e1t\u011brem<\/strong><\/li>\n<li><strong>P\u00e1sek kolem krku: pevn\u011b \u0161it\u00fd <\/strong><\/li>\n<li><strong>Zap\u00edn\u00e1n\u00ed v pase: Polyesterov\u00e1 keprov\u00e1 p\u00e1ska<\/strong><\/li>\n<li><strong>trvale flexibiln\u00ed<\/strong><\/li>\n<li><strong>vod\u011bodoln\u00e1<\/strong><\/li>\n<li><strong>Odoln\u00e9 v\u016f\u010di \u017eivo\u010di\u0161n\u00fdm olej\u016fm a tuk\u016fm<\/strong><\/li>\n<li><strong>D\u00e9lky: 110 cm <\/strong>(jin\u00e9 d\u00e9lky na vy\u017e\u00e1d\u00e1n\u00ed)<\/li>\n<li><strong>\u0160\u00ed\u0159ka: 70 cm<\/strong><\/li>\n<li><strong>Barvy: \u010derven\u00e1, modr\u00e1, \u010dern\u00e1<\/strong><\/li>\n<\/ul>\n","protected":false},"featured_media":385,"comment_status":"closed","ping_status":"closed","template":"","meta":[],"product_cat":[39,53],"product_tag":[],"class_list":{"0":"post-728","1":"product","2":"type-product","3":"status-publish","4":"has-post-thumbnail","6":"product_cat-ochranne-pomucky-reiko","7":"product_cat-zastery","9":"first","10":"onbackorder","11":"taxable","12":"shipping-taxable","13":"product-type-simple"},"_links":{"self":[{"href":"https:\/\/www.cz-lindbergh.cz\/index.php?rest_route=\/wp\/v2\/product\/728","targetHints":{"allow":["GET"]}}],"collection":[{"href":"https:\/\/www.cz-lindbergh.cz\/index.php?rest_route=\/wp\/v2\/product"}],"about":[{"href":"https:\/\/www.cz-lindbergh.cz\/index.php?rest_route=\/wp\/v2\/types\/product"}],"replies":[{"embeddable":true,"href":"https:\/\/www.cz-lindbergh.cz\/index.php?rest_route=%2Fwp%2Fv2%2Fcomments&post=728"}],"wp:featuredmedia":[{"embeddable":true,"href":"https:\/\/www.cz-lindbergh.cz\/index.php?rest_route=\/wp\/v2\/media\/385"}],"wp:attachment":[{"href":"https:\/\/www.cz-lindbergh.cz\/index.php?rest_route=%2Fwp%2Fv2%2Fmedia&parent=728"}],"wp:term":[{"taxonomy":"product_cat","embeddable":true,"href":"https:\/\/www.cz-lindbergh.cz\/index.php?rest_route=%2Fwp%2Fv2%2Fproduct_cat&post=728"},{"taxonomy":"product_tag","embeddable":true,"href":"https:\/\/www.cz-lindbergh.cz\/index.php?rest_route=%2Fwp%2Fv2%2Fproduct_tag&post=728"}],"curies":[{"name":"wp","href":"https:\/\/api.w.org\/{rel}","templated":true}]}}