{"id":731,"date":"2023-01-31T14:59:48","date_gmt":"2023-01-31T14:59:48","guid":{"rendered":"https:\/\/www.cz-lindbergh.cz\/?post_type=product&#038;p=731"},"modified":"2023-05-31T08:37:16","modified_gmt":"2023-05-31T08:37:16","slug":"aprotex-el-rukavnik","status":"publish","type":"product","link":"https:\/\/www.cz-lindbergh.cz\/?product=aprotex-el-rukavnik","title":{"rendered":"REIKO aproTex\u00ae -EL- Ruk\u00e1vn\u00edk"},"content":{"rendered":"<p><strong>Vysoce kvalitn\u00ed, velmi pohodln\u00e9 a odoln\u00e9 n\u00e1vleky z PU se stahovac\u00ed \u0161\u0148\u016frkou pro nastaven\u00ed \u0161\u00ed\u0159ky pro pr\u00e1ci ve vlhk\u00fdch a mokr\u00fdch prostor\u00e1ch v \u0159eznictv\u00ed, ryb\u00edch obchodech, s\u00fdr\u00e1rn\u00e1ch, ml\u00e9k\u00e1rn\u00e1ch, konzerv\u00e1rn\u00e1ch a spole\u010dn\u00e9m stravov\u00e1n\u00ed.<\/strong><\/p>\n","protected":false},"excerpt":{"rendered":"<ul>\n<li><strong>Vyrobeno z polyesterov\u00e9 tkaniny s polyuretanov\u00fdm <\/strong><strong>n\u00e1t\u011brem na jedn\u00e9 stran\u011b<\/strong><\/li>\n<\/ul>\n<ul>\n<li><strong>trvale flexibiln\u00ed<\/strong><\/li>\n<li><strong>vod\u011bodoln\u00e9<\/strong><\/li>\n<li><strong>Odoln\u00e9 v\u016f\u010di \u017eivo\u010di\u0161n\u00fdm olej\u016fm a tuk\u016fm<\/strong><\/li>\n<li><strong>D\u00e9lka: 45 cm<\/strong><\/li>\n<li><strong>Barvy: \u010derven\u00e1, b\u00edl\u00e1, modr\u00e1, \u010dern\u00e1, \u017elut\u00e1, zelen\u00e1<\/strong><\/li>\n<\/ul>\n","protected":false},"featured_media":732,"comment_status":"closed","ping_status":"closed","template":"","meta":[],"product_cat":[39,55],"product_tag":[],"class_list":{"0":"post-731","1":"product","2":"type-product","3":"status-publish","4":"has-post-thumbnail","6":"product_cat-ochranne-pomucky-reiko","7":"product_cat-rukavove-navleky","9":"first","10":"onbackorder","11":"taxable","12":"shipping-taxable","13":"product-type-simple"},"_links":{"self":[{"href":"https:\/\/www.cz-lindbergh.cz\/index.php?rest_route=\/wp\/v2\/product\/731","targetHints":{"allow":["GET"]}}],"collection":[{"href":"https:\/\/www.cz-lindbergh.cz\/index.php?rest_route=\/wp\/v2\/product"}],"about":[{"href":"https:\/\/www.cz-lindbergh.cz\/index.php?rest_route=\/wp\/v2\/types\/product"}],"replies":[{"embeddable":true,"href":"https:\/\/www.cz-lindbergh.cz\/index.php?rest_route=%2Fwp%2Fv2%2Fcomments&post=731"}],"wp:featuredmedia":[{"embeddable":true,"href":"https:\/\/www.cz-lindbergh.cz\/index.php?rest_route=\/wp\/v2\/media\/732"}],"wp:attachment":[{"href":"https:\/\/www.cz-lindbergh.cz\/index.php?rest_route=%2Fwp%2Fv2%2Fmedia&parent=731"}],"wp:term":[{"taxonomy":"product_cat","embeddable":true,"href":"https:\/\/www.cz-lindbergh.cz\/index.php?rest_route=%2Fwp%2Fv2%2Fproduct_cat&post=731"},{"taxonomy":"product_tag","embeddable":true,"href":"https:\/\/www.cz-lindbergh.cz\/index.php?rest_route=%2Fwp%2Fv2%2Fproduct_tag&post=731"}],"curies":[{"name":"wp","href":"https:\/\/api.w.org\/{rel}","templated":true}]}}