{"id":741,"date":"2023-01-31T15:04:53","date_gmt":"2023-01-31T15:04:53","guid":{"rendered":"https:\/\/www.cz-lindbergh.cz\/?post_type=product&#038;p=741"},"modified":"2023-05-31T08:34:57","modified_gmt":"2023-05-31T08:34:57","slug":"aprotex-termo-kalhoty","status":"publish","type":"product","link":"https:\/\/www.cz-lindbergh.cz\/?product=aprotex-termo-kalhoty","title":{"rendered":"REIKO aproTex\u00ae Termo kalhoty"},"content":{"rendered":"<p><strong>Zateplen\u00e9 kalhoty aproTex\u00ae jsou v\u011btruodoln\u00e9 a izola\u010dn\u00ed pr\u00e9miov\u00e9 od\u011bvy s ochranou proti chladu pro vnit\u0159n\u00ed i venkovn\u00ed pou\u017eit\u00ed v potravin\u00e1\u0159sk\u00e9m pr\u016fmyslu. Je speci\u00e1ln\u011b navr\u017een pro pr\u00e1ci v chladn\u00e9m prost\u0159ed\u00ed mezi 0 \u00b0C a 5 \u00b0C.<\/strong><\/p>\n","protected":false},"excerpt":{"rendered":"<ul>\n<li><strong>Ultrazvukov\u011b sva\u0159ovan\u00e1 polyesterov\u00e1 p\u0159ikr\u00fdvka s izola\u010dn\u00edm polyesterov\u00fdm vatov\u00e1n\u00edm <\/strong>(300 g\/m\u00b2)<\/li>\n<li><strong>Elastick\u00e1 guma v pase<\/strong><\/li>\n<li><strong>\u017debrovan\u00e9 man\u017eety ve spodn\u00ed \u010d\u00e1sti nohavic<\/strong><\/li>\n<li><strong>Mo\u017enost pran\u00ed v pra\u010dce na 95\u00b0C<\/strong><\/li>\n<li><strong>Velikosti XS a\u017e 4XL<\/strong><\/li>\n<li><strong>Barva: b\u00edl\u00e1<\/strong><\/li>\n<\/ul>\n","protected":false},"featured_media":360,"comment_status":"closed","ping_status":"closed","template":"","meta":[],"product_cat":[57,39,66],"product_tag":[],"class_list":{"0":"post-741","1":"product","2":"type-product","3":"status-publish","4":"has-post-thumbnail","6":"product_cat-ochrana-proti-vlhku-a-chladu","7":"product_cat-ochranne-pomucky-reiko","8":"product_cat-termo-odevy","10":"first","11":"onbackorder","12":"taxable","13":"shipping-taxable","14":"product-type-simple"},"_links":{"self":[{"href":"https:\/\/www.cz-lindbergh.cz\/index.php?rest_route=\/wp\/v2\/product\/741","targetHints":{"allow":["GET"]}}],"collection":[{"href":"https:\/\/www.cz-lindbergh.cz\/index.php?rest_route=\/wp\/v2\/product"}],"about":[{"href":"https:\/\/www.cz-lindbergh.cz\/index.php?rest_route=\/wp\/v2\/types\/product"}],"replies":[{"embeddable":true,"href":"https:\/\/www.cz-lindbergh.cz\/index.php?rest_route=%2Fwp%2Fv2%2Fcomments&post=741"}],"wp:featuredmedia":[{"embeddable":true,"href":"https:\/\/www.cz-lindbergh.cz\/index.php?rest_route=\/wp\/v2\/media\/360"}],"wp:attachment":[{"href":"https:\/\/www.cz-lindbergh.cz\/index.php?rest_route=%2Fwp%2Fv2%2Fmedia&parent=741"}],"wp:term":[{"taxonomy":"product_cat","embeddable":true,"href":"https:\/\/www.cz-lindbergh.cz\/index.php?rest_route=%2Fwp%2Fv2%2Fproduct_cat&post=741"},{"taxonomy":"product_tag","embeddable":true,"href":"https:\/\/www.cz-lindbergh.cz\/index.php?rest_route=%2Fwp%2Fv2%2Fproduct_tag&post=741"}],"curies":[{"name":"wp","href":"https:\/\/api.w.org\/{rel}","templated":true}]}}