{"id":743,"date":"2023-01-31T15:09:48","date_gmt":"2023-01-31T15:09:48","guid":{"rendered":"https:\/\/www.cz-lindbergh.cz\/?post_type=product&#038;p=743"},"modified":"2023-05-31T08:22:51","modified_gmt":"2023-05-31T08:22:51","slug":"aprotex-navlekaci-bunda","status":"publish","type":"product","link":"https:\/\/www.cz-lindbergh.cz\/?product=aprotex-navlekaci-bunda","title":{"rendered":"REIKO aproTex\u00ae Navl\u00e9kac\u00ed bunda"},"content":{"rendered":"<p><strong>Pr\u00e9miov\u00e1 navl\u00e9kac\u00ed bunda s ochranou proti <\/strong><strong>vlhkosti pro profesion\u00e1ln\u00ed pou\u017eit\u00ed p\u0159i \u010di\u0161t\u011bn\u00ed <\/strong><\/p>\n<p><strong>v\u00fdrobn\u00edch syst\u00e9m\u016f v potravin\u00e1\u0159sk\u00e9m pr\u016fmyslu.<\/strong><\/p>\n","protected":false},"excerpt":{"rendered":"<ul>\n<li><strong>PU-polyamidov\u00e1 tkanina <\/strong>(240 g\/m\u00b2)<\/li>\n<li><strong>pevn\u00e1 kapuce se stahovac\u00ed \u0161\u0148\u016frkou<\/strong><\/li>\n<li><strong>Zap\u00ednac\u00ed knofl\u00edk u krku<\/strong><\/li>\n<li><strong>elastick\u00e9 man\u017eety<\/strong><\/li>\n<li><strong>vodn\u00ed sloupec: 10 000 mm<\/strong><\/li>\n<li><strong>Velikosti XS a\u017e 4XL<\/strong><\/li>\n<li><strong>Barvy: modr\u00e1<\/strong><\/li>\n<\/ul>\n","protected":false},"featured_media":363,"comment_status":"closed","ping_status":"closed","template":"","meta":[],"product_cat":[67,57,39],"product_tag":[],"class_list":{"0":"post-743","1":"product","2":"type-product","3":"status-publish","4":"has-post-thumbnail","6":"product_cat-ochrana-proti-vlhku","7":"product_cat-ochrana-proti-vlhku-a-chladu","8":"product_cat-ochranne-pomucky-reiko","10":"first","11":"onbackorder","12":"taxable","13":"shipping-taxable","14":"product-type-simple"},"_links":{"self":[{"href":"https:\/\/www.cz-lindbergh.cz\/index.php?rest_route=\/wp\/v2\/product\/743","targetHints":{"allow":["GET"]}}],"collection":[{"href":"https:\/\/www.cz-lindbergh.cz\/index.php?rest_route=\/wp\/v2\/product"}],"about":[{"href":"https:\/\/www.cz-lindbergh.cz\/index.php?rest_route=\/wp\/v2\/types\/product"}],"replies":[{"embeddable":true,"href":"https:\/\/www.cz-lindbergh.cz\/index.php?rest_route=%2Fwp%2Fv2%2Fcomments&post=743"}],"wp:featuredmedia":[{"embeddable":true,"href":"https:\/\/www.cz-lindbergh.cz\/index.php?rest_route=\/wp\/v2\/media\/363"}],"wp:attachment":[{"href":"https:\/\/www.cz-lindbergh.cz\/index.php?rest_route=%2Fwp%2Fv2%2Fmedia&parent=743"}],"wp:term":[{"taxonomy":"product_cat","embeddable":true,"href":"https:\/\/www.cz-lindbergh.cz\/index.php?rest_route=%2Fwp%2Fv2%2Fproduct_cat&post=743"},{"taxonomy":"product_tag","embeddable":true,"href":"https:\/\/www.cz-lindbergh.cz\/index.php?rest_route=%2Fwp%2Fv2%2Fproduct_tag&post=743"}],"curies":[{"name":"wp","href":"https:\/\/api.w.org\/{rel}","templated":true}]}}