{"id":745,"date":"2023-01-31T15:21:54","date_gmt":"2023-01-31T15:21:54","guid":{"rendered":"https:\/\/www.cz-lindbergh.cz\/?post_type=product&#038;p=745"},"modified":"2023-05-31T08:21:09","modified_gmt":"2023-05-31T08:21:09","slug":"boty-nizka-stredni-bezpecnost","status":"publish","type":"product","link":"https:\/\/www.cz-lindbergh.cz\/?product=boty-nizka-stredni-bezpecnost","title":{"rendered":"REIKO Boty n\u00edzk\u00e1 + st\u0159edn\u00ed bezpe\u010dnost"},"content":{"rendered":"<p>Lehk\u00e1 a velmi pohodln\u00e1 pr\u00e9miov\u00e1 bezpe\u010dnostn\u00ed obuv pro potravin\u00e1\u0159sk\u00fd pr\u016fmysl<\/p>\n<p>dle DIN EN ISO 20345, S2.<\/p>\n","protected":false},"excerpt":{"rendered":"<ul>\n<li><strong>Kompozitn\u00ed ochrann\u00fd kryt (\u201ebez kovu\u201c)<\/strong><\/li>\n<li><strong>Svrchn\u00ed materi\u00e1l: vod\u011bodoln\u00fd a prody\u0161n\u00fd<\/strong><\/li>\n<li><strong>Pod\u0161\u00edvka: antibakteri\u00e1ln\u00ed a prody\u0161n\u00e1<\/strong><\/li>\n<li><strong>Pode\u0161ev: PU\/PU se syst\u00e9mem odpru\u017een\u00ed, <\/strong><strong>protiskluzov\u00e1<\/strong><\/li>\n<li><strong>St\u00e9lka: ergonomick\u00e1, antistatick\u00e1 a vyj\u00edmateln\u00e1<\/strong><\/li>\n<li><strong>Velikosti: 36 \u2013 47<\/strong><\/li>\n<li><strong>Barvy: svrchn\u00ed b\u00edl\u00e1<\/strong><strong>| pode\u0161ev modr\u00e1<\/strong><\/li>\n<\/ul>\n","protected":false},"featured_media":354,"comment_status":"closed","ping_status":"closed","template":"","meta":[],"product_cat":[59,58,39],"product_tag":[],"class_list":{"0":"post-745","1":"product","2":"type-product","3":"status-publish","4":"has-post-thumbnail","6":"product_cat-boty","7":"product_cat-boty-a-holinky","8":"product_cat-ochranne-pomucky-reiko","10":"first","11":"onbackorder","12":"taxable","13":"shipping-taxable","14":"product-type-simple"},"_links":{"self":[{"href":"https:\/\/www.cz-lindbergh.cz\/index.php?rest_route=\/wp\/v2\/product\/745","targetHints":{"allow":["GET"]}}],"collection":[{"href":"https:\/\/www.cz-lindbergh.cz\/index.php?rest_route=\/wp\/v2\/product"}],"about":[{"href":"https:\/\/www.cz-lindbergh.cz\/index.php?rest_route=\/wp\/v2\/types\/product"}],"replies":[{"embeddable":true,"href":"https:\/\/www.cz-lindbergh.cz\/index.php?rest_route=%2Fwp%2Fv2%2Fcomments&post=745"}],"wp:featuredmedia":[{"embeddable":true,"href":"https:\/\/www.cz-lindbergh.cz\/index.php?rest_route=\/wp\/v2\/media\/354"}],"wp:attachment":[{"href":"https:\/\/www.cz-lindbergh.cz\/index.php?rest_route=%2Fwp%2Fv2%2Fmedia&parent=745"}],"wp:term":[{"taxonomy":"product_cat","embeddable":true,"href":"https:\/\/www.cz-lindbergh.cz\/index.php?rest_route=%2Fwp%2Fv2%2Fproduct_cat&post=745"},{"taxonomy":"product_tag","embeddable":true,"href":"https:\/\/www.cz-lindbergh.cz\/index.php?rest_route=%2Fwp%2Fv2%2Fproduct_tag&post=745"}],"curies":[{"name":"wp","href":"https:\/\/api.w.org\/{rel}","templated":true}]}}