{"id":746,"date":"2023-01-31T15:25:59","date_gmt":"2023-01-31T15:25:59","guid":{"rendered":"https:\/\/www.cz-lindbergh.cz\/?post_type=product&#038;p=746"},"modified":"2023-05-31T08:19:36","modified_gmt":"2023-05-31T08:19:36","slug":"pu-holinky-bezpecnostni","status":"publish","type":"product","link":"https:\/\/www.cz-lindbergh.cz\/?product=pu-holinky-bezpecnostni","title":{"rendered":"REIKO PU-Holinky bezpe\u010dnostn\u00ed"},"content":{"rendered":"<p><strong>Pr\u00e9miov\u00e9 bezpe\u010dnostn\u00ed PU holinky pro profesion\u00e1ln\u00ed <\/strong><\/p>\n<p><strong>pou\u017eit\u00ed v potravin\u00e1\u0159sk\u00e9m pr\u016fmyslu dle <\/strong><\/p>\n<p><strong>EN ISO 20345, S4, CI, SRC.<\/strong><\/p>\n","protected":false},"excerpt":{"rendered":"<ul>\n<li><strong>Ochrann\u00fd kryt: ocel<\/strong><\/li>\n<li><strong>Svrchn\u00ed materi\u00e1l: Polyuretan (PU) s velmi vysok\u00fdmi izola\u010dn\u00edmi vlastnostmi, odoln\u00fd proti mikroorganism\u016fm, velmi lehk\u00fd, pru\u017en\u00fd a odoln\u00fd proti od\u011bru<\/strong><\/li>\n<li><strong>Pode\u0161ev: PU se syst\u00e9mem odpru\u017een\u00ed, velmi robustn\u00ed a protiskluzov\u00e1, <\/strong><strong>samo\u010dist\u00edc\u00ed (t\u0159\u00edda SRC)<\/strong><\/li>\n<\/ul>\n<ul>\n<li><strong>St\u00e9lka: Sanitized\u00ae), ergonomick\u00e1, antistatick\u00e1 a vyj\u00edmateln\u00e1<\/strong><\/li>\n<li><strong>Hole\u0148: ergonomicky tvarovan\u00e1<\/strong><\/li>\n<li><strong>Velikosti: 36\/37 | 38\/39 | 40\/41 | 42 | 43 | 44 | 45 | 46 | 47\/48<\/strong><\/li>\n<li><strong>Barvy: svrchn\u00ed b\u00edl\u00e1\/modr\u00e1\/olivov\u00e1 <\/strong><strong>pode\u0161ev modr\u00e1\/\u010dern\u00e1<\/strong><\/li>\n<\/ul>\n","protected":false},"featured_media":356,"comment_status":"closed","ping_status":"closed","template":"","meta":[],"product_cat":[58,60,39],"product_tag":[],"class_list":{"0":"post-746","1":"product","2":"type-product","3":"status-publish","4":"has-post-thumbnail","6":"product_cat-boty-a-holinky","7":"product_cat-holinky","8":"product_cat-ochranne-pomucky-reiko","10":"first","11":"onbackorder","12":"taxable","13":"shipping-taxable","14":"product-type-simple"},"_links":{"self":[{"href":"https:\/\/www.cz-lindbergh.cz\/index.php?rest_route=\/wp\/v2\/product\/746","targetHints":{"allow":["GET"]}}],"collection":[{"href":"https:\/\/www.cz-lindbergh.cz\/index.php?rest_route=\/wp\/v2\/product"}],"about":[{"href":"https:\/\/www.cz-lindbergh.cz\/index.php?rest_route=\/wp\/v2\/types\/product"}],"replies":[{"embeddable":true,"href":"https:\/\/www.cz-lindbergh.cz\/index.php?rest_route=%2Fwp%2Fv2%2Fcomments&post=746"}],"wp:featuredmedia":[{"embeddable":true,"href":"https:\/\/www.cz-lindbergh.cz\/index.php?rest_route=\/wp\/v2\/media\/356"}],"wp:attachment":[{"href":"https:\/\/www.cz-lindbergh.cz\/index.php?rest_route=%2Fwp%2Fv2%2Fmedia&parent=746"}],"wp:term":[{"taxonomy":"product_cat","embeddable":true,"href":"https:\/\/www.cz-lindbergh.cz\/index.php?rest_route=%2Fwp%2Fv2%2Fproduct_cat&post=746"},{"taxonomy":"product_tag","embeddable":true,"href":"https:\/\/www.cz-lindbergh.cz\/index.php?rest_route=%2Fwp%2Fv2%2Fproduct_tag&post=746"}],"curies":[{"name":"wp","href":"https:\/\/api.w.org\/{rel}","templated":true}]}}