{"id":776,"date":"2023-02-01T13:23:22","date_gmt":"2023-02-01T13:23:22","guid":{"rendered":"https:\/\/www.cz-lindbergh.cz\/?post_type=product&#038;p=776"},"modified":"2023-02-01T13:43:55","modified_gmt":"2023-02-01T13:43:55","slug":"sepamatic-1800","status":"publish","type":"product","link":"https:\/\/www.cz-lindbergh.cz\/?product=sepamatic-1800","title":{"rendered":"SEPAmatic 1800"},"content":{"rendered":"<p>\u0160etrn\u00e1 v\u00fdroba nebo zpracov\u00e1n\u00ed produkt\u016f p\u0159esn\u00fdm odd\u011blen\u00edm pevn\u00fdch a m\u011bkk\u00fdch \u010d\u00e1st\u00ed se stalo nepostradateln\u00fdm v mnoha oblastech potravin\u00e1\u0159sk\u00e9 technologie.<\/p>\n<p>&nbsp;<\/p>\n<p>Vyu\u017e\u00edv\u00e1 se zde chov\u00e1n\u00ed p\u0159\u00edslu\u0161n\u00fdch produkt\u016f zp\u016fsoben\u00e9 rozd\u00edly ve struktu\u0159e, s\u00edle nebo konzistenci.<\/p>\n<p>&nbsp;<\/p>\n<p>Zpracov\u00e1van\u00fd materi\u00e1l je vtahov\u00e1n mezi vysoce elastick\u00fd ma\u010dkac\u00ed p\u00e1s a rotuj\u00edc\u00ed perforovan\u00fd nerezov\u00fd buben a podrobov\u00e1n vzestupn\u00e9mu, kr\u00e1tk\u00e9mu lisov\u00e1n\u00ed a odd\u011blov\u00e1n\u00ed. Tvrd\u0161\u00ed, hrub\u0161\u00ed nebo hou\u017eevnat\u00e9 soudr\u017en\u00e9 pevn\u00e9 \u010d\u00e1sti z\u016fst\u00e1vaj\u00ed na vn\u011bj\u0161\u00edm pl\u00e1\u0161ti bubnu, zat\u00edmco v\u0161echny m\u011bkk\u00e9 \u010d\u00e1sti jsou prolisov\u00e1ny perforacemi do vnit\u0159ku bubnu. V nep\u0159etr\u017eit\u00e9m proudu lze nej\u0161etrn\u011bj\u0161\u00edm zp\u016fsobem odd\u011blit nap\u0159. ryb\u00ed maso od k\u016f\u017ee a kost\u00ed, maso od kostn\u00edch t\u0159\u00edsek, chrupavek, k\u016f\u017e\u00ed nebo \u0161lach.<\/p>\n<p>&nbsp;<\/p>\n<p>Mnoho po\u017eadavk\u016f na vy\u0161\u0161\u00ed v\u00fdkon stroje ve spojen\u00ed s co nejv\u011bt\u0161\u00ed snadnost\u00ed pou\u017eit\u00ed s \u200b\u200bco nejni\u017e\u0161\u00edm \u00fasil\u00edm p\u0159i \u010di\u0161t\u011bn\u00ed vedlo k v\u00fdvoji stroje SEPAmatic 1800. Geni\u00e1ln\u011b jednoduch\u00fd \u0159\u00eddic\u00ed syst\u00e9m bez slo\u017eit\u00fdch elektronick\u00fdch nebo elektrohydraulick\u00fdch komponent umo\u017e\u0148uje automatick\u00e9, p\u0159esn\u011b opakovateln\u00e9 nastaven\u00ed stroje. U\u017eivatel\u00e9 nejen v z\u00e1mo\u0159\u00ed oce\u0148uj\u00ed v\u00fdslednou odolnost proti poruch\u00e1m a eliminaci jinak nutn\u00e9 trval\u00e9 energetick\u00e9 pot\u0159eby. Krom\u011b optim\u00e1ln\u00ed hygieny a detail\u016f \u0161etrn\u00fdch k \u010di\u0161t\u011bn\u00ed byla zvl\u00e1\u0161tn\u00ed pozornost v\u011bnov\u00e1na absolutn\u00ed robustnosti.<\/p>\n<p>&nbsp;<\/p>\n<p>N\u00e1vrh v\u0161ech komponent pohonu s v\u00edcen\u00e1sobn\u00fdm zabezpe\u010den\u00edm byl pouze prvn\u00edm krokem. Jeho rychl\u00e1 dostupnost tak\u00e9 nadchne ka\u017ed\u00e9ho technika. Elektrick\u00e9 prvky jako styka\u010de, \u010dasov\u00e1 rel\u00e9 nebo sp\u00edna\u010de lze snadno nahradit b\u011b\u017en\u00fdmi v\u00fdrobky v\u0161ech v\u00fdrobc\u016f; Speci\u00e1ln\u00ed elektronick\u00e9 sou\u010d\u00e1stky lze obej\u00edt p\u0159ep\u00edna\u010dem, aby stroj z\u016fstal v chodu, i kdy\u017e se sn\u00ed\u017een\u00fdm komfortem. Lze namontovat vysoce odoln\u00e9 PU p\u00e1sy odoln\u00e9 proti opot\u0159eben\u00ed pro n\u00e1ro\u010dn\u00e9 pou\u017eit\u00ed, stejn\u011b jako m\u011bkk\u00e9 odd\u011blovac\u00ed, nen\u00e1kladn\u00e9 neoprenov\u00e9 p\u00e1sy. Jakmile je nastaven\u00ed stroje shled\u00e1no optim\u00e1ln\u00edm, nen\u00ed nutn\u00e9 jej upravovat, i kdy\u017e jsou n\u00e1stroje (d\u011brovan\u00fd buben a p\u00e1s) v r\u016fzn\u00e9m stavu opot\u0159eben\u00ed.<\/p>\n<p>&nbsp;<\/p>\n<p>Na rozd\u00edl od excentrick\u00fdch tlakov\u00fdch syst\u00e9m\u016f jsou se sou\u010dasnou technologi\u00ed SEPAmatic trvale zachov\u00e1ny v\u0161echny hodnoty nastaven\u00ed, jakmile u\u017eivatel otestuje jako optim\u00e1ln\u00ed, bez ohledu na stupe\u0148 opot\u0159eben\u00ed a rozm\u011brov\u00e9 zm\u011bny za\u0159\u00edzen\u00ed, jako jsou v\u0161echny mysliteln\u00e9 druhy p\u00e1s\u016f nebo n\u011bkolik d\u011brovan\u00fdch bubn\u016f s r\u016fzn\u00fdm stupn\u011bm opot\u0159eben\u00ed, bez t\u011b\u017ekop\u00e1dn\u00fdch zm\u011bn v mechanice stroje.<\/p>\n<p>&nbsp;<\/p>\n<p>Zv\u00fd\u0161en\u00ed teploty prot\u00e9kaj\u00edc\u00edho produktu, kter\u00e9 je nevyhnuteln\u011b fyzicky zp\u016fsobeno takov\u00fdmi lisovac\u00edmi a separa\u010dn\u00edmi procesy, je spolehliv\u011b minimalizov\u00e1no voliteln\u00fdm chladic\u00edm za\u0159\u00edzen\u00edm.<\/p>\n<p>&nbsp;<\/p>\n<p>Zaj\u00edmav\u00e9 jsou na p\u0159\u00e1n\u00ed dod\u00e1van\u00e9 Coolmatic a Speedmatic mo\u017enosti. Prvn\u00ed jmenovan\u00fd minimalizuje jinak fyzicky nevyhnuteln\u00fd n\u00e1r\u016fst teploty produkt, p\u0159i\u010dem\u017e ten druh\u00fd \u0159\u00edd\u00ed zm\u011bny<\/p>\n<p>p\u0159\u00edsunu produktu zv\u00fd\u0161\u00ed pracovn\u00ed rychlost SEPAmatic. Tedy opot\u0159eben\u00ed, zah\u0159\u00edv\u00e1n\u00ed a zabr\u00e1n\u00ed se zbyte\u010dn\u00e9 spot\u0159eb\u011b energie.<\/p>\n","protected":false},"excerpt":{"rendered":"<p>V\u00fdkon: a\u017e 5 000 kg\/h v z\u00e1vislosti na vrt\u00e1n\u00ed bubnu<\/p>\n<p>Rozm\u011bry (DxHxV):\u00a0 \u00a0 \u00a0 \u00a0 \u00a0 \u00a0 \u00a0 \u00a0 \u00a0 \u00a0 \u00a0 \u00a0 \u00a0 \u00a0 \u00a0 \u00a01500 x 1500 x 2000 mm<\/p>\n<p>V\u00fdstupn\u00ed v\u00fd\u0161ka (standard)<\/p>\n<p>ca 800 mm<\/p>\n<p>P\u0159\u00edkon:\u00a0 \u00a0 \u00a0 \u00a0 \u00a0 \u00a0 \u00a0 \u00a0 \u00a0 \u00a0 \u00a0 \u00a0 \u00a0 \u00a0 \u00a0 \u00a0 \u00a0 \u00a0 \u00a0 \u00a0 \u00a0 \u00a0 \u00a0 \u00a0 7,5 kW<\/p>\n<p>Stla\u010den\u00fd vzduch:\u00a0 \u00a0 \u00a0 \u00a0 \u00a0 \u00a0 \u00a0 \u00a0 \u00a0 \u00a0 \u00a0 \u00a0 \u00a0 \u00a0 \u00a0 \u00a0 \u00a0 \u00a06 bar<\/p>\n<p>Hmotnost:\u00a0 \u00a0 \u00a0 \u00a0 \u00a0 \u00a0 \u00a0 \u00a0 \u00a0 \u00a0 \u00a0 \u00a0 \u00a0 \u00a0 \u00a0 \u00a0 \u00a0 \u00a0 \u00a0 \u00a0 \u00a0 \u00a0 \u00a0ca 2 250 kg<\/p>\n<p>&nbsp;<\/p>\n","protected":false},"featured_media":777,"comment_status":"closed","ping_status":"closed","template":"","meta":[],"product_cat":[41,40,49],"product_tag":[],"class_list":{"0":"post-776","1":"product","2":"type-product","3":"status-publish","4":"has-post-thumbnail","6":"product_cat-reznicke-stroje","7":"product_cat-stroje","8":"product_cat-trideni-suroviny","10":"first","11":"onbackorder","12":"taxable","13":"shipping-taxable","14":"product-type-simple"},"_links":{"self":[{"href":"https:\/\/www.cz-lindbergh.cz\/index.php?rest_route=\/wp\/v2\/product\/776","targetHints":{"allow":["GET"]}}],"collection":[{"href":"https:\/\/www.cz-lindbergh.cz\/index.php?rest_route=\/wp\/v2\/product"}],"about":[{"href":"https:\/\/www.cz-lindbergh.cz\/index.php?rest_route=\/wp\/v2\/types\/product"}],"replies":[{"embeddable":true,"href":"https:\/\/www.cz-lindbergh.cz\/index.php?rest_route=%2Fwp%2Fv2%2Fcomments&post=776"}],"wp:featuredmedia":[{"embeddable":true,"href":"https:\/\/www.cz-lindbergh.cz\/index.php?rest_route=\/wp\/v2\/media\/777"}],"wp:attachment":[{"href":"https:\/\/www.cz-lindbergh.cz\/index.php?rest_route=%2Fwp%2Fv2%2Fmedia&parent=776"}],"wp:term":[{"taxonomy":"product_cat","embeddable":true,"href":"https:\/\/www.cz-lindbergh.cz\/index.php?rest_route=%2Fwp%2Fv2%2Fproduct_cat&post=776"},{"taxonomy":"product_tag","embeddable":true,"href":"https:\/\/www.cz-lindbergh.cz\/index.php?rest_route=%2Fwp%2Fv2%2Fproduct_tag&post=776"}],"curies":[{"name":"wp","href":"https:\/\/api.w.org\/{rel}","templated":true}]}}