{"id":782,"date":"2023-02-02T11:30:43","date_gmt":"2023-02-02T11:30:43","guid":{"rendered":"https:\/\/www.cz-lindbergh.cz\/?post_type=product&#038;p=782"},"modified":"2023-05-31T08:17:20","modified_gmt":"2023-05-31T08:17:20","slug":"meatfighterpremium-system-drzaku-nozu-pro-10-nozu","status":"publish","type":"product","link":"https:\/\/www.cz-lindbergh.cz\/?product=meatfighterpremium-system-drzaku-nozu-pro-10-nozu","title":{"rendered":"REIKO meatFighter\u00aePremium syst\u00e9m dr\u017e\u00e1ku no\u017e\u016f pro 10 no\u017e\u016f"},"content":{"rendered":"<p><strong>meatFighter<\/strong><strong>\u00ae<\/strong><strong>\u00a0<\/strong><strong>Premium <\/strong><strong>syst\u00e9m dr\u017e\u00e1ku no\u017e\u016f pro hygienick\u00e9 a praktick\u00e9 skladov\u00e1n\u00ed.<\/strong><\/p>\n","protected":false},"excerpt":{"rendered":"<ul>\n<li><strong>vyrobeno z nerezov\u00e9 oceli<\/strong><\/li>\n<li><strong>Robustn\u00ed konstrukce pro dlouhou \u017eivotnost<\/strong><\/li>\n<li><strong>Uzamykateln\u00e9<\/strong><\/li>\n<li><strong>s hygienick\u00fdmi plastov\u00fdmi li\u0161tami<\/strong><\/li>\n<li><strong>se speci\u00e1ln\u00edm z\u00e1v\u011bsn\u00fdm syst\u00e9mem pro rukavice <\/strong><strong>na ochranu proti bodnut\u00ed<\/strong><\/li>\n<\/ul>\n<ul>\n<li><strong>snadno se \u010dist\u00ed<\/strong><\/li>\n<li><strong>pro <\/strong><strong>10 no\u017e\u016f, 2 oc\u00edlky a<\/strong> <strong>1 rukavici<\/strong><\/li>\n<\/ul>\n","protected":false},"featured_media":783,"comment_status":"closed","ping_status":"closed","template":"","meta":[],"product_cat":[39,52],"product_tag":[],"class_list":{"0":"post-782","1":"product","2":"type-product","3":"status-publish","4":"has-post-thumbnail","6":"product_cat-ochranne-pomucky-reiko","7":"product_cat-pouzdra-a-boxy-na-noze","9":"first","10":"onbackorder","11":"taxable","12":"shipping-taxable","13":"product-type-simple"},"_links":{"self":[{"href":"https:\/\/www.cz-lindbergh.cz\/index.php?rest_route=\/wp\/v2\/product\/782","targetHints":{"allow":["GET"]}}],"collection":[{"href":"https:\/\/www.cz-lindbergh.cz\/index.php?rest_route=\/wp\/v2\/product"}],"about":[{"href":"https:\/\/www.cz-lindbergh.cz\/index.php?rest_route=\/wp\/v2\/types\/product"}],"replies":[{"embeddable":true,"href":"https:\/\/www.cz-lindbergh.cz\/index.php?rest_route=%2Fwp%2Fv2%2Fcomments&post=782"}],"wp:featuredmedia":[{"embeddable":true,"href":"https:\/\/www.cz-lindbergh.cz\/index.php?rest_route=\/wp\/v2\/media\/783"}],"wp:attachment":[{"href":"https:\/\/www.cz-lindbergh.cz\/index.php?rest_route=%2Fwp%2Fv2%2Fmedia&parent=782"}],"wp:term":[{"taxonomy":"product_cat","embeddable":true,"href":"https:\/\/www.cz-lindbergh.cz\/index.php?rest_route=%2Fwp%2Fv2%2Fproduct_cat&post=782"},{"taxonomy":"product_tag","embeddable":true,"href":"https:\/\/www.cz-lindbergh.cz\/index.php?rest_route=%2Fwp%2Fv2%2Fproduct_tag&post=782"}],"curies":[{"name":"wp","href":"https:\/\/api.w.org\/{rel}","templated":true}]}}