{"id":817,"date":"2023-02-13T11:40:27","date_gmt":"2023-02-13T11:40:27","guid":{"rendered":"https:\/\/www.cz-lindbergh.cz\/?post_type=product&#038;p=817"},"modified":"2023-05-31T08:16:28","modified_gmt":"2023-05-31T08:16:28","slug":"meatfighter-premium-ostric-nozu-sharp-1","status":"publish","type":"product","link":"https:\/\/www.cz-lindbergh.cz\/?product=meatfighter-premium-ostric-nozu-sharp-1","title":{"rendered":"REIKO meatFighter\u00ae Premium ost\u0159i\u010d no\u017e\u016f SHARP.1"},"content":{"rendered":"<p><strong>Ost\u0159i\u010d no\u017e\u016f je ide\u00e1ln\u00ed pro profesion\u00e1ln\u00ed \u0159ezac\u00ed, \u0159eznick\u00e9 a <\/strong><\/p>\n<p><strong>vykos\u0165ovac\u00ed pr\u00e1ce v masn\u00e9m pr\u016fmyslu. Za\u0159\u00edzen\u00ed lze instalovat <\/strong><\/p>\n<p><strong>p\u0159\u00edmo na pracovn\u00ed st\u016fl, tak\u017ee je zaru\u010deno efektivn\u00ed <\/strong><\/p>\n<p><strong>brou\u0161en\u00ed no\u017ee.<\/strong><\/p>\n","protected":false},"excerpt":{"rendered":"<ul>\n<li><strong>v\u0161echny d\u00edly z nerezov\u00e9 oceli<\/strong><\/li>\n<li><strong>dokonal\u00e9 obta\u017een\u00ed a le\u0161t\u011bn\u00ed<\/strong><\/li>\n<li><strong>Ost\u0159ic\u00ed ty\u010de jsou snadno vym\u011bniteln\u00e9 (bez n\u00e1\u0159ad\u00ed)<\/strong><\/li>\n<li><strong>V\u010detn\u011b uchycen\u00ed na st\u016fl<\/strong><\/li>\n<\/ul>\n","protected":false},"featured_media":818,"comment_status":"closed","ping_status":"closed","template":"","meta":[],"product_cat":[39,52],"product_tag":[],"class_list":{"0":"post-817","1":"product","2":"type-product","3":"status-publish","4":"has-post-thumbnail","6":"product_cat-ochranne-pomucky-reiko","7":"product_cat-pouzdra-a-boxy-na-noze","9":"first","10":"onbackorder","11":"sale","12":"taxable","13":"shipping-taxable","14":"purchasable","15":"product-type-simple"},"_links":{"self":[{"href":"https:\/\/www.cz-lindbergh.cz\/index.php?rest_route=\/wp\/v2\/product\/817","targetHints":{"allow":["GET"]}}],"collection":[{"href":"https:\/\/www.cz-lindbergh.cz\/index.php?rest_route=\/wp\/v2\/product"}],"about":[{"href":"https:\/\/www.cz-lindbergh.cz\/index.php?rest_route=\/wp\/v2\/types\/product"}],"replies":[{"embeddable":true,"href":"https:\/\/www.cz-lindbergh.cz\/index.php?rest_route=%2Fwp%2Fv2%2Fcomments&post=817"}],"wp:featuredmedia":[{"embeddable":true,"href":"https:\/\/www.cz-lindbergh.cz\/index.php?rest_route=\/wp\/v2\/media\/818"}],"wp:attachment":[{"href":"https:\/\/www.cz-lindbergh.cz\/index.php?rest_route=%2Fwp%2Fv2%2Fmedia&parent=817"}],"wp:term":[{"taxonomy":"product_cat","embeddable":true,"href":"https:\/\/www.cz-lindbergh.cz\/index.php?rest_route=%2Fwp%2Fv2%2Fproduct_cat&post=817"},{"taxonomy":"product_tag","embeddable":true,"href":"https:\/\/www.cz-lindbergh.cz\/index.php?rest_route=%2Fwp%2Fv2%2Fproduct_tag&post=817"}],"curies":[{"name":"wp","href":"https:\/\/api.w.org\/{rel}","templated":true}]}}