{"id":823,"date":"2023-03-02T09:25:58","date_gmt":"2023-03-02T09:25:58","guid":{"rendered":"https:\/\/www.cz-lindbergh.cz\/?post_type=product&#038;p=823"},"modified":"2023-03-11T13:02:38","modified_gmt":"2023-03-11T13:02:38","slug":"retro-narezovy-stroj-250-21","status":"publish","type":"product","link":"https:\/\/www.cz-lindbergh.cz\/?product=retro-narezovy-stroj-250-21","title":{"rendered":"Retro n\u00e1\u0159ezov\u00fd stroj 250\/21"},"content":{"rendered":"<p>Ru\u010dn\u00ed setrva\u010dn\u00edkov\u00fd retro n\u00e1\u0159ezov\u00fd stroj s\u00a0no\u017eem o pr\u016fm\u011bru 250 mm, standardn\u00ed setrva\u010dn\u00edk s kv\u011btem.<\/p>\n<p>&nbsp;<\/p>\n<p>S elegantn\u00ed lini\u00ed, cel\u00fd vestav\u011bn\u00fd z hlin\u00edku s odn\u00edmateln\u00fdmi \u010d\u00e1stmi z nerezov\u00e9 oceli, kter\u00e9 lze m\u00fdt v my\u010dce. Je to lehk\u00fd stroj, snadno se pou\u017e\u00edv\u00e1, je funk\u010dn\u00ed a extr\u00e9mn\u011b snadno se \u010dist\u00ed. Je vybaven no\u017eem z nerezov\u00e9 oceli. Je vhodn\u00fd pro ty, kte\u0159\u00ed hledaj\u00ed kr\u00e1su a miluj\u00ed dokonalost, ale d\u00edky sv\u00fdm rozm\u011br\u016fm se hod\u00ed i do t\u011bch nejmen\u0161\u00edch prostor\u016f v kuchyni, ani\u017e by p\u0159ek\u00e1\u017eel z\u00e1suvk\u00e1m a dv\u00ed\u0159k\u016fm. Je to vynikaj\u00edc\u00ed ru\u010dn\u00ed setrva\u010dn\u00edkov\u00fd n\u00e1\u0159ezov\u00fd stroj, kter\u00fd je stejn\u011b jako v\u0161echny profesion\u00e1ln\u00ed setrva\u010dn\u00edkov\u00e9 stroje z na\u0161\u00ed \u0159ady dokonale zkonstruov\u00e1n. Vhodn\u00fd pro dom\u00e1cnost nebo malou firmu. Standardn\u011b je k dispozici v \u010derven\u00e9, \u010dern\u00e9 nebo kr\u00e9mov\u00e9 barv\u011b.<\/p>\n<p>&nbsp;<\/p>\n<p>Na p\u0159\u00e1n\u00ed v r\u016fzn\u00fdch barv\u00e1ch dle va\u0161eho v\u00fdb\u011bru.<\/p>\n","protected":false},"excerpt":{"rendered":"<p>Model\u00a0\u00a0\u00a0\u00a0\u00a0\u00a0\u00a0\u00a0\u00a0\u00a0\u00a0\u00a0\u00a0\u00a0\u00a0\u00a0\u00a0\u00a0\u00a0\u00a0 250\/21<\/p>\n<p>N\u016f\u017e\u00a0\u00a0\u00a0\u00a0\u00a0\u00a0\u00a0\u00a0\u00a0\u00a0\u00a0\u00a0\u00a0\u00a0\u00a0\u00a0\u00a0\u00a0\u00a0\u00a0\u00a0\u00a0\u00a0 \u00f8 250 mm<\/p>\n<p>Zdvih san\u00ed\u00a0\u00a0\u00a0\u00a0\u00a0\u00a0\u00a0\u00a0\u00a0\u00a0\u00a0\u00a0\u00a0 230 mm<\/p>\n<p>\u0160\u00ed\u0159ka pl\u00e1tku\u00a0\u00a0\u00a0\u00a0\u00a0\u00a0\u00a0\u00a0\u00a0\u00a0\u00a0 0 \u2013 1,5 mm<\/p>\n<p>Max. rozm\u011br\u00a0\u00a0\u00a0\u00a0\u00a0\u00a0\u00a0\u00a0\u00a0\u00a0 \u00f8 180 mm<\/p>\n<p>kr\u00e1jen\u00e9ho zbo\u017e\u00ed\u00a0\u00a0\u00a0\u00a0\u00a0 \u25a1 180 x 210 mm<\/p>\n<p>Hmotnost \u00a0\u00a0\u00a0\u00a0\u00a0\u00a0\u00a0\u00a0\u00a0\u00a0\u00a0\u00a0\u00a0 29 kg<\/p>\n<p>V\u00fd\u0161ka\u00a0\u00a0\u00a0\u00a0\u00a0\u00a0\u00a0\u00a0\u00a0\u00a0\u00a0\u00a0\u00a0\u00a0\u00a0\u00a0\u00a0\u00a0\u00a0\u00a0 520 mm<\/p>\n<p>\u0160\u00ed\u0159ka \u00a0\u00a0\u00a0\u00a0\u00a0\u00a0\u00a0\u00a0\u00a0\u00a0\u00a0\u00a0\u00a0\u00a0\u00a0\u00a0\u00a0\u00a0\u00a0\u00a0 710 mm<\/p>\n<p>Hloubka \u00a0\u00a0\u00a0\u00a0\u00a0\u00a0\u00a0\u00a0\u00a0\u00a0\u00a0\u00a0\u00a0\u00a0\u00a0 600 mm<\/p>\n","protected":false},"featured_media":832,"comment_status":"closed","ping_status":"closed","template":"","meta":[],"product_cat":[47,40,42],"product_tag":[],"class_list":{"0":"post-823","1":"product","2":"type-product","3":"status-publish","4":"has-post-thumbnail","6":"product_cat-retro-narezove-stroje","7":"product_cat-stroje","8":"product_cat-stroje-pro-prodejny","10":"first","11":"onbackorder","12":"taxable","13":"shipping-taxable","14":"product-type-simple"},"_links":{"self":[{"href":"https:\/\/www.cz-lindbergh.cz\/index.php?rest_route=\/wp\/v2\/product\/823","targetHints":{"allow":["GET"]}}],"collection":[{"href":"https:\/\/www.cz-lindbergh.cz\/index.php?rest_route=\/wp\/v2\/product"}],"about":[{"href":"https:\/\/www.cz-lindbergh.cz\/index.php?rest_route=\/wp\/v2\/types\/product"}],"replies":[{"embeddable":true,"href":"https:\/\/www.cz-lindbergh.cz\/index.php?rest_route=%2Fwp%2Fv2%2Fcomments&post=823"}],"wp:featuredmedia":[{"embeddable":true,"href":"https:\/\/www.cz-lindbergh.cz\/index.php?rest_route=\/wp\/v2\/media\/832"}],"wp:attachment":[{"href":"https:\/\/www.cz-lindbergh.cz\/index.php?rest_route=%2Fwp%2Fv2%2Fmedia&parent=823"}],"wp:term":[{"taxonomy":"product_cat","embeddable":true,"href":"https:\/\/www.cz-lindbergh.cz\/index.php?rest_route=%2Fwp%2Fv2%2Fproduct_cat&post=823"},{"taxonomy":"product_tag","embeddable":true,"href":"https:\/\/www.cz-lindbergh.cz\/index.php?rest_route=%2Fwp%2Fv2%2Fproduct_tag&post=823"}],"curies":[{"name":"wp","href":"https:\/\/api.w.org\/{rel}","templated":true}]}}