{"id":842,"date":"2023-03-02T10:42:35","date_gmt":"2023-03-02T10:42:35","guid":{"rendered":"https:\/\/www.cz-lindbergh.cz\/?post_type=product&#038;p=842"},"modified":"2023-03-11T13:06:31","modified_gmt":"2023-03-11T13:06:31","slug":"retro-narezovy-stroj-300k","status":"publish","type":"product","link":"https:\/\/www.cz-lindbergh.cz\/?product=retro-narezovy-stroj-300k","title":{"rendered":"Retro n\u00e1\u0159ezov\u00fd stroj 300K"},"content":{"rendered":"<p>Ru\u010dn\u00ed setrva\u010dn\u00edkov\u00fd retro n\u00e1\u0159ezov\u00fd stroj. Pr\u016fm\u011br no\u017ee 300 mm. Je vyroben v\u00fdhradn\u011b z lit\u00e9ho hlin\u00edku a chromov\u00e9 oceli, je velmi kompaktn\u00ed a funk\u010dn\u00ed, m\u00e1 elegantn\u00ed design a extr\u00e9mn\u011b snadno se \u010dist\u00ed. Byl navr\u017een pro kr\u00e1jen\u00ed v\u0161ech druh\u016f uzen\u00e9ho masa a zvl\u00e1\u0161t\u011b uzen\u00e9 \u0161unky. Plus pro Volano 300: extr\u00e9mn\u011b snadn\u00e9 \u010di\u0161t\u011bn\u00ed. Mezi hlavou stroje a no\u017eem bylo vytvo\u0159eno mnoho prostoru, aby bylo mo\u017en\u00e9 dos\u00e1hnout na v\u0161echny \u010d\u00e1sti snadn\u011bji, ne\u017e je tomu u jak\u00e9hokoli konkuren\u010dn\u00edho produktu. Vybaven \u010depel\u00ed vyrobenou z\u00a0nerezov\u00e9 oceli, extr\u00e9mn\u011b odoln\u00e9ho materi\u00e1lu odoln\u00e9ho proti korozi. V\u0161echny ostatn\u00ed jednotliv\u00e9 d\u00edly z hlin\u00edku a chromov\u00e9 oceli. Velmi kompaktn\u00ed a elegantn\u00ed design. Extr\u00e9mn\u011b p\u0159esn\u00e1 \u0159ezn\u00e1 schopnost. Nezanech\u00e1v\u00e1 \u017e\u00e1dn\u00e9 drcen\u00e9 zbytky.<\/p>\n","protected":false},"excerpt":{"rendered":"<p>Model\u00a0\u00a0\u00a0\u00a0\u00a0\u00a0\u00a0\u00a0\u00a0\u00a0\u00a0\u00a0\u00a0\u00a0\u00a0\u00a0\u00a0\u00a0\u00a0\u00a0 300K<\/p>\n<p>N\u016f\u017e\u00a0\u00a0\u00a0\u00a0\u00a0\u00a0\u00a0\u00a0\u00a0\u00a0\u00a0\u00a0\u00a0\u00a0\u00a0\u00a0\u00a0\u00a0\u00a0\u00a0\u00a0\u00a0\u00a0 \u00f8 300 mm<\/p>\n<p>Zdvih san\u00ed\u00a0\u00a0\u00a0\u00a0\u00a0\u00a0\u00a0\u00a0\u00a0\u00a0\u00a0\u00a0\u00a0 265 mm<\/p>\n<p>\u0160\u00ed\u0159ka pl\u00e1tku\u00a0\u00a0\u00a0\u00a0\u00a0\u00a0\u00a0\u00a0\u00a0\u00a0\u00a0 0 \u2013 1,5 mm<\/p>\n<p>Max. rozm\u011br\u00a0\u00a0\u00a0\u00a0\u00a0\u00a0\u00a0\u00a0\u00a0\u00a0 \u00f8 210 mm<\/p>\n<p>kr\u00e1jen\u00e9ho zbo\u017e\u00ed\u00a0\u00a0\u00a0\u00a0\u00a0 \u25a1 210 x 250 mm<\/p>\n<p>Hmotnost \u00a0\u00a0\u00a0\u00a0\u00a0\u00a0\u00a0\u00a0\u00a0\u00a0\u00a0\u00a0\u00a0 44,5 kg<\/p>\n<p>V\u00fd\u0161ka\u00a0\u00a0\u00a0\u00a0\u00a0\u00a0\u00a0\u00a0\u00a0\u00a0\u00a0\u00a0\u00a0\u00a0\u00a0\u00a0\u00a0\u00a0\u00a0\u00a0 880 mm<\/p>\n<p>\u0160\u00ed\u0159ka \u00a0\u00a0\u00a0\u00a0\u00a0\u00a0\u00a0\u00a0\u00a0\u00a0\u00a0\u00a0\u00a0\u00a0\u00a0\u00a0\u00a0\u00a0\u00a0\u00a0 950 mm<\/p>\n<p>Hloubka \u00a0\u00a0\u00a0\u00a0\u00a0\u00a0\u00a0\u00a0\u00a0\u00a0\u00a0\u00a0\u00a0\u00a0\u00a0 950 mm<\/p>\n","protected":false},"featured_media":849,"comment_status":"closed","ping_status":"closed","template":"","meta":[],"product_cat":[47,40,42],"product_tag":[],"class_list":{"0":"post-842","1":"product","2":"type-product","3":"status-publish","4":"has-post-thumbnail","6":"product_cat-retro-narezove-stroje","7":"product_cat-stroje","8":"product_cat-stroje-pro-prodejny","10":"first","11":"onbackorder","12":"taxable","13":"shipping-taxable","14":"product-type-simple"},"_links":{"self":[{"href":"https:\/\/www.cz-lindbergh.cz\/index.php?rest_route=\/wp\/v2\/product\/842","targetHints":{"allow":["GET"]}}],"collection":[{"href":"https:\/\/www.cz-lindbergh.cz\/index.php?rest_route=\/wp\/v2\/product"}],"about":[{"href":"https:\/\/www.cz-lindbergh.cz\/index.php?rest_route=\/wp\/v2\/types\/product"}],"replies":[{"embeddable":true,"href":"https:\/\/www.cz-lindbergh.cz\/index.php?rest_route=%2Fwp%2Fv2%2Fcomments&post=842"}],"wp:featuredmedia":[{"embeddable":true,"href":"https:\/\/www.cz-lindbergh.cz\/index.php?rest_route=\/wp\/v2\/media\/849"}],"wp:attachment":[{"href":"https:\/\/www.cz-lindbergh.cz\/index.php?rest_route=%2Fwp%2Fv2%2Fmedia&parent=842"}],"wp:term":[{"taxonomy":"product_cat","embeddable":true,"href":"https:\/\/www.cz-lindbergh.cz\/index.php?rest_route=%2Fwp%2Fv2%2Fproduct_cat&post=842"},{"taxonomy":"product_tag","embeddable":true,"href":"https:\/\/www.cz-lindbergh.cz\/index.php?rest_route=%2Fwp%2Fv2%2Fproduct_tag&post=842"}],"curies":[{"name":"wp","href":"https:\/\/api.w.org\/{rel}","templated":true}]}}