{"id":868,"date":"2023-03-02T11:10:39","date_gmt":"2023-03-02T11:10:39","guid":{"rendered":"https:\/\/www.cz-lindbergh.cz\/?post_type=product&#038;p=868"},"modified":"2023-03-11T13:04:52","modified_gmt":"2023-03-11T13:04:52","slug":"retro-narezovy-stroj-330k","status":"publish","type":"product","link":"https:\/\/www.cz-lindbergh.cz\/?product=retro-narezovy-stroj-330k","title":{"rendered":"Retro n\u00e1\u0159ezov\u00fd stroj 330K"},"content":{"rendered":"<p>Ru\u010dn\u00ed setrva\u010dn\u00edkov\u00fd retro n\u00e1\u0159ezov\u00fd stroj. Pr\u016fm\u011br no\u017ee 330 mm.<\/p>\n<p>Cel\u00fd vyroben\u00fd z hlin\u00edku a nerezov\u00e9 oceli je velmi kompaktn\u00ed a extr\u00e9mn\u011b funk\u010dn\u00ed stroj, snadno se \u010dist\u00ed ve v\u0161ech sv\u00fdch \u010d\u00e1stech.<\/p>\n<p>Z retro \u0159ady, kter\u00e1 p\u0159ipom\u00edn\u00e1 modely minulosti, je ur\u010dena ke kr\u00e1jen\u00ed v\u0161ech druh\u016f uzenin, zejm\u00e9na \u0161unky.<\/p>\n<p>Je vybavena no\u017eem z\u00a0nerezov\u00e9 oceli, materi\u00e1lem odoln\u011bj\u0161\u00edm proti korozi a reziv\u011bn\u00ed. Silnou str\u00e1nkou tohoto stroje je velk\u00e1 \u0159ezac\u00ed kapacita soust\u0159ed\u011bn\u00e1 ve velmi kompaktn\u00edm stroji.<\/p>\n<p>&nbsp;<\/p>\n<p>Je k dispozici ve standardn\u00ed barv\u011b \u010derven\u00e9 nebo na p\u0159\u00e1n\u00ed v jak\u00e9koli barv\u011b, kterou preferujete!<\/p>\n","protected":false},"excerpt":{"rendered":"<p>Model\u00a0\u00a0\u00a0\u00a0\u00a0\u00a0\u00a0\u00a0\u00a0\u00a0\u00a0\u00a0\u00a0\u00a0\u00a0\u00a0\u00a0\u00a0\u00a0\u00a0 330K<\/p>\n<p>N\u016f\u017e\u00a0\u00a0\u00a0\u00a0\u00a0\u00a0\u00a0\u00a0\u00a0\u00a0\u00a0\u00a0\u00a0\u00a0\u00a0\u00a0\u00a0\u00a0\u00a0\u00a0\u00a0\u00a0\u00a0 \u00f8 330 mm<\/p>\n<p>Zdvih san\u00ed\u00a0\u00a0\u00a0\u00a0\u00a0\u00a0\u00a0\u00a0\u00a0\u00a0\u00a0\u00a0\u00a0 280 mm<\/p>\n<p>\u0160\u00ed\u0159ka pl\u00e1tku\u00a0\u00a0\u00a0\u00a0\u00a0\u00a0\u00a0\u00a0\u00a0\u00a0\u00a0 0 \u2013 1,5 mm<\/p>\n<p>Max. rozm\u011br\u00a0\u00a0\u00a0\u00a0\u00a0\u00a0\u00a0\u00a0\u00a0\u00a0 \u00f8 230 mm<\/p>\n<p>kr\u00e1jen\u00e9ho zbo\u017e\u00ed\u00a0\u00a0\u00a0\u00a0\u00a0 \u25a1 230 x 280 mm<\/p>\n<p>Hmotnost \u00a0\u00a0\u00a0\u00a0\u00a0\u00a0\u00a0\u00a0\u00a0\u00a0\u00a0\u00a0\u00a0 47 kg<\/p>\n<p>V\u00fd\u0161ka\u00a0\u00a0\u00a0\u00a0\u00a0\u00a0\u00a0\u00a0\u00a0\u00a0\u00a0\u00a0\u00a0\u00a0\u00a0\u00a0\u00a0\u00a0\u00a0\u00a0 880 mm<\/p>\n<p>\u0160\u00ed\u0159ka \u00a0\u00a0\u00a0\u00a0\u00a0\u00a0\u00a0\u00a0\u00a0\u00a0\u00a0\u00a0\u00a0\u00a0\u00a0\u00a0\u00a0\u00a0\u00a0\u00a0 950 mm<\/p>\n<p>Hloubka \u00a0\u00a0\u00a0\u00a0\u00a0\u00a0\u00a0\u00a0\u00a0\u00a0\u00a0\u00a0\u00a0\u00a0\u00a0 950 mm<\/p>\n","protected":false},"featured_media":865,"comment_status":"closed","ping_status":"closed","template":"","meta":[],"product_cat":[47,40,42],"product_tag":[],"class_list":{"0":"post-868","1":"product","2":"type-product","3":"status-publish","4":"has-post-thumbnail","6":"product_cat-retro-narezove-stroje","7":"product_cat-stroje","8":"product_cat-stroje-pro-prodejny","10":"first","11":"onbackorder","12":"taxable","13":"shipping-taxable","14":"product-type-simple"},"_links":{"self":[{"href":"https:\/\/www.cz-lindbergh.cz\/index.php?rest_route=\/wp\/v2\/product\/868","targetHints":{"allow":["GET"]}}],"collection":[{"href":"https:\/\/www.cz-lindbergh.cz\/index.php?rest_route=\/wp\/v2\/product"}],"about":[{"href":"https:\/\/www.cz-lindbergh.cz\/index.php?rest_route=\/wp\/v2\/types\/product"}],"replies":[{"embeddable":true,"href":"https:\/\/www.cz-lindbergh.cz\/index.php?rest_route=%2Fwp%2Fv2%2Fcomments&post=868"}],"wp:featuredmedia":[{"embeddable":true,"href":"https:\/\/www.cz-lindbergh.cz\/index.php?rest_route=\/wp\/v2\/media\/865"}],"wp:attachment":[{"href":"https:\/\/www.cz-lindbergh.cz\/index.php?rest_route=%2Fwp%2Fv2%2Fmedia&parent=868"}],"wp:term":[{"taxonomy":"product_cat","embeddable":true,"href":"https:\/\/www.cz-lindbergh.cz\/index.php?rest_route=%2Fwp%2Fv2%2Fproduct_cat&post=868"},{"taxonomy":"product_tag","embeddable":true,"href":"https:\/\/www.cz-lindbergh.cz\/index.php?rest_route=%2Fwp%2Fv2%2Fproduct_tag&post=868"}],"curies":[{"name":"wp","href":"https:\/\/api.w.org\/{rel}","templated":true}]}}