{"id":878,"date":"2023-03-02T11:36:56","date_gmt":"2023-03-02T11:36:56","guid":{"rendered":"https:\/\/www.cz-lindbergh.cz\/?post_type=product&#038;p=878"},"modified":"2023-03-11T13:02:36","modified_gmt":"2023-03-11T13:02:36","slug":"retro-narezovy-stroj-370-13","status":"publish","type":"product","link":"https:\/\/www.cz-lindbergh.cz\/?product=retro-narezovy-stroj-370-13","title":{"rendered":"Retro n\u00e1\u0159ezov\u00fd stroj 370\/13"},"content":{"rendered":"<p>Automatick\u00fd setrva\u010dn\u00edkov\u00fd retro n\u00e1\u0159ezov\u00fd stroj s\u00a0pr\u016fm\u011brem no\u017ee 370 mm.<\/p>\n<p>&nbsp;<\/p>\n<p>Setrva\u010dn\u00edkov\u00fd stroj 370\/13 je ur\u010den pro kr\u00e1jen\u00ed v\u0161ech druh\u016f uzenin a zejm\u00e9na uzen\u00e9 \u0161unky.<\/p>\n<p>M\u016f\u017ee b\u00fdt pou\u017eit 2 r\u016fzn\u00fdmi zp\u016fsoby: rotace listu ovl\u00e1d\u00e1n\u00edm elektromotoru a pohyb voz\u00edku ru\u010dn\u00edm ovl\u00e1d\u00e1n\u00edm setrva\u010dn\u00edku; Rotace no\u017ee a pohyb voz\u00edku pln\u011b automaticky.<\/p>\n<p>&nbsp;<\/p>\n<p>M\u00e1 jednoduch\u00fd a intuitivn\u00ed p\u0159\u00edstrojov\u00fd panel. M\u016f\u017eete m\u011bnit rychlost san\u00ed a kotou\u010de, zvolit d\u00e9lku pojezdu voz\u00edku a po\u010det pl\u00e1tk\u016f, kter\u00e9 se maj\u00ed nakr\u00e1jet.<\/p>\n<p>&nbsp;<\/p>\n<p>Verze FULL OPTIONALS obsahuje n\u00e1sleduj\u00edc\u00ed za\u0159\u00edzen\u00ed: vyhazova\u010d, nerezov\u00fd n\u00e1stavec voz\u00edku, za\u0159\u00edzen\u00ed pro posledn\u00ed nastaven\u00ed &#8211; nelze dodat samostatn\u011b, proto\u017ee stroj mus\u00ed b\u00fdt pro spr\u00e1vn\u00e9 pou\u017eit\u00ed p\u0159ipraven a nastaven ve v\u00fdrob\u011b.<\/p>\n","protected":false},"excerpt":{"rendered":"<p>Model\u00a0\u00a0\u00a0\u00a0\u00a0\u00a0\u00a0\u00a0\u00a0\u00a0\u00a0\u00a0\u00a0\u00a0\u00a0\u00a0\u00a0\u00a0\u00a0\u00a0 370\/13<\/p>\n<p>N\u016f\u017e\u00a0\u00a0\u00a0\u00a0\u00a0\u00a0\u00a0\u00a0\u00a0\u00a0\u00a0\u00a0\u00a0\u00a0\u00a0\u00a0\u00a0\u00a0\u00a0\u00a0\u00a0\u00a0\u00a0 \u00f8 370 mm<\/p>\n<p>Motor 220V\u00a0\u00a0\u00a0\u00a0\u00a0\u00a0\u00a0\u00a0\u00a0\u00a0\u00a0 0,530 kW<\/p>\n<p>Zdvih san\u00ed\u00a0\u00a0\u00a0\u00a0\u00a0\u00a0\u00a0\u00a0\u00a0\u00a0\u00a0\u00a0\u00a0 310 mm<\/p>\n<p>\u0160\u00ed\u0159ka pl\u00e1tku\u00a0\u00a0\u00a0\u00a0\u00a0\u00a0\u00a0\u00a0\u00a0\u00a0\u00a0 0,2 \u2013 10 mm<\/p>\n<p>Max. rozm\u011br\u00a0\u00a0\u00a0\u00a0\u00a0\u00a0\u00a0\u00a0\u00a0\u00a0 \u00f8 240 mm<\/p>\n<p>kr\u00e1jen\u00e9ho zbo\u017e\u00ed\u00a0\u00a0\u00a0\u00a0\u00a0 \u25a1 240 x 310 mm<\/p>\n<p>Hmotnost \u00a0\u00a0\u00a0\u00a0\u00a0\u00a0\u00a0\u00a0\u00a0\u00a0\u00a0\u00a0\u00a0 110 kg<\/p>\n<p>V\u00fd\u0161ka\u00a0\u00a0\u00a0\u00a0\u00a0\u00a0\u00a0\u00a0\u00a0\u00a0\u00a0\u00a0\u00a0\u00a0\u00a0\u00a0\u00a0\u00a0\u00a0\u00a0 880 mm<\/p>\n<p>\u0160\u00ed\u0159ka \u00a0\u00a0\u00a0\u00a0\u00a0\u00a0\u00a0\u00a0\u00a0\u00a0\u00a0\u00a0\u00a0\u00a0\u00a0\u00a0\u00a0\u00a0\u00a0\u00a0 950 mm<\/p>\n<p>Hloubka \u00a0\u00a0\u00a0\u00a0\u00a0\u00a0\u00a0\u00a0\u00a0\u00a0\u00a0\u00a0\u00a0\u00a0\u00a0 950 mm<\/p>\n","protected":false},"featured_media":879,"comment_status":"closed","ping_status":"closed","template":"","meta":[],"product_cat":[47,40,42],"product_tag":[],"class_list":{"0":"post-878","1":"product","2":"type-product","3":"status-publish","4":"has-post-thumbnail","6":"product_cat-retro-narezove-stroje","7":"product_cat-stroje","8":"product_cat-stroje-pro-prodejny","10":"first","11":"onbackorder","12":"taxable","13":"shipping-taxable","14":"product-type-simple"},"_links":{"self":[{"href":"https:\/\/www.cz-lindbergh.cz\/index.php?rest_route=\/wp\/v2\/product\/878","targetHints":{"allow":["GET"]}}],"collection":[{"href":"https:\/\/www.cz-lindbergh.cz\/index.php?rest_route=\/wp\/v2\/product"}],"about":[{"href":"https:\/\/www.cz-lindbergh.cz\/index.php?rest_route=\/wp\/v2\/types\/product"}],"replies":[{"embeddable":true,"href":"https:\/\/www.cz-lindbergh.cz\/index.php?rest_route=%2Fwp%2Fv2%2Fcomments&post=878"}],"wp:featuredmedia":[{"embeddable":true,"href":"https:\/\/www.cz-lindbergh.cz\/index.php?rest_route=\/wp\/v2\/media\/879"}],"wp:attachment":[{"href":"https:\/\/www.cz-lindbergh.cz\/index.php?rest_route=%2Fwp%2Fv2%2Fmedia&parent=878"}],"wp:term":[{"taxonomy":"product_cat","embeddable":true,"href":"https:\/\/www.cz-lindbergh.cz\/index.php?rest_route=%2Fwp%2Fv2%2Fproduct_cat&post=878"},{"taxonomy":"product_tag","embeddable":true,"href":"https:\/\/www.cz-lindbergh.cz\/index.php?rest_route=%2Fwp%2Fv2%2Fproduct_tag&post=878"}],"curies":[{"name":"wp","href":"https:\/\/api.w.org\/{rel}","templated":true}]}}