{"id":890,"date":"2023-03-02T11:54:40","date_gmt":"2023-03-02T11:54:40","guid":{"rendered":"https:\/\/www.cz-lindbergh.cz\/?post_type=product&#038;p=890"},"modified":"2023-03-11T12:59:28","modified_gmt":"2023-03-11T12:59:28","slug":"podstavec-se-ctvercovou-zakladnou","status":"publish","type":"product","link":"https:\/\/www.cz-lindbergh.cz\/?product=podstavec-se-ctvercovou-zakladnou","title":{"rendered":"Podstavec se \u010dtvercovou z\u00e1kladnou"},"content":{"rendered":"<p>Litinov\u00fd podstavec se \u010dtvercovou z\u00e1kladnou. Pro v\u0161echny modely setrva\u010dn\u00edkov\u00fdch stroj\u016f. Dostupn\u00e9 ve v\u0161ech barv\u00e1ch RAL.<\/p>\n","protected":false},"excerpt":{"rendered":"<p>Litinov\u00fd podstavec se \u010dtvercovou z\u00e1kladnou. Pro v\u0161echny modely setrva\u010dn\u00edkov\u00fdch stroj\u016f. Dostupn\u00e9 ve v\u0161ech barv\u00e1ch RAL.<\/p>\n","protected":false},"featured_media":891,"comment_status":"closed","ping_status":"closed","template":"","meta":[],"product_cat":[85,40,42],"product_tag":[],"class_list":{"0":"post-890","1":"product","2":"type-product","3":"status-publish","4":"has-post-thumbnail","6":"product_cat-prislusenstviapriplatkovavybava","7":"product_cat-stroje","8":"product_cat-stroje-pro-prodejny","10":"first","11":"onbackorder","12":"taxable","13":"shipping-taxable","14":"product-type-simple"},"_links":{"self":[{"href":"https:\/\/www.cz-lindbergh.cz\/index.php?rest_route=\/wp\/v2\/product\/890","targetHints":{"allow":["GET"]}}],"collection":[{"href":"https:\/\/www.cz-lindbergh.cz\/index.php?rest_route=\/wp\/v2\/product"}],"about":[{"href":"https:\/\/www.cz-lindbergh.cz\/index.php?rest_route=\/wp\/v2\/types\/product"}],"replies":[{"embeddable":true,"href":"https:\/\/www.cz-lindbergh.cz\/index.php?rest_route=%2Fwp%2Fv2%2Fcomments&post=890"}],"wp:featuredmedia":[{"embeddable":true,"href":"https:\/\/www.cz-lindbergh.cz\/index.php?rest_route=\/wp\/v2\/media\/891"}],"wp:attachment":[{"href":"https:\/\/www.cz-lindbergh.cz\/index.php?rest_route=%2Fwp%2Fv2%2Fmedia&parent=890"}],"wp:term":[{"taxonomy":"product_cat","embeddable":true,"href":"https:\/\/www.cz-lindbergh.cz\/index.php?rest_route=%2Fwp%2Fv2%2Fproduct_cat&post=890"},{"taxonomy":"product_tag","embeddable":true,"href":"https:\/\/www.cz-lindbergh.cz\/index.php?rest_route=%2Fwp%2Fv2%2Fproduct_tag&post=890"}],"curies":[{"name":"wp","href":"https:\/\/api.w.org\/{rel}","templated":true}]}}