{"id":892,"date":"2023-03-02T11:56:55","date_gmt":"2023-03-02T11:56:55","guid":{"rendered":"https:\/\/www.cz-lindbergh.cz\/?post_type=product&#038;p=892"},"modified":"2023-03-02T11:58:12","modified_gmt":"2023-03-02T11:58:12","slug":"podstavec-velky","status":"publish","type":"product","link":"https:\/\/www.cz-lindbergh.cz\/?product=podstavec-velky","title":{"rendered":"Podstavec velk\u00fd"},"content":{"rendered":"<p>Litinov\u00fd podstavec velk\u00fd, se z\u00e1kladnou s kole\u010dky.<br \/>\nPro v\u0161echny modely setrva\u010dn\u00edkov\u00fdch stroj\u016f. Dostupn\u00e9 ve v\u0161ech barv\u00e1ch RAL.<\/p>\n","protected":false},"excerpt":{"rendered":"<p>Litinov\u00fd podstavec velk\u00fd, se z\u00e1kladnou s kole\u010dky. Pro v\u0161echny modely setrva\u010dn\u00edkov\u00fdch stroj\u016f. Dostupn\u00e9 ve v\u0161ech barv\u00e1ch RAL.<\/p>\n","protected":false},"featured_media":893,"comment_status":"closed","ping_status":"closed","template":"","meta":[],"product_cat":[17],"product_tag":[],"class_list":{"0":"post-892","1":"product","2":"type-product","3":"status-publish","4":"has-post-thumbnail","6":"product_cat-nezarazene","8":"first","9":"onbackorder","10":"taxable","11":"shipping-taxable","12":"product-type-simple"},"_links":{"self":[{"href":"https:\/\/www.cz-lindbergh.cz\/index.php?rest_route=\/wp\/v2\/product\/892","targetHints":{"allow":["GET"]}}],"collection":[{"href":"https:\/\/www.cz-lindbergh.cz\/index.php?rest_route=\/wp\/v2\/product"}],"about":[{"href":"https:\/\/www.cz-lindbergh.cz\/index.php?rest_route=\/wp\/v2\/types\/product"}],"replies":[{"embeddable":true,"href":"https:\/\/www.cz-lindbergh.cz\/index.php?rest_route=%2Fwp%2Fv2%2Fcomments&post=892"}],"wp:featuredmedia":[{"embeddable":true,"href":"https:\/\/www.cz-lindbergh.cz\/index.php?rest_route=\/wp\/v2\/media\/893"}],"wp:attachment":[{"href":"https:\/\/www.cz-lindbergh.cz\/index.php?rest_route=%2Fwp%2Fv2%2Fmedia&parent=892"}],"wp:term":[{"taxonomy":"product_cat","embeddable":true,"href":"https:\/\/www.cz-lindbergh.cz\/index.php?rest_route=%2Fwp%2Fv2%2Fproduct_cat&post=892"},{"taxonomy":"product_tag","embeddable":true,"href":"https:\/\/www.cz-lindbergh.cz\/index.php?rest_route=%2Fwp%2Fv2%2Fproduct_tag&post=892"}],"curies":[{"name":"wp","href":"https:\/\/api.w.org\/{rel}","templated":true}]}}