{"id":915,"date":"2023-03-02T12:19:27","date_gmt":"2023-03-02T12:19:27","guid":{"rendered":"https:\/\/www.cz-lindbergh.cz\/?post_type=product&#038;p=915"},"modified":"2023-03-11T12:58:03","modified_gmt":"2023-03-11T12:58:03","slug":"ozdobny-setrvacnik","status":"publish","type":"product","link":"https:\/\/www.cz-lindbergh.cz\/?product=ozdobny-setrvacnik","title":{"rendered":"Ozdobn\u00fd setrva\u010dn\u00edk men\u0161\u00ed"},"content":{"rendered":"<p>Tradi\u010dn\u00ed uzav\u0159en\u00fd setrva\u010dn\u00edk setrva\u010dn\u00edkov\u00fdch kr\u00e1je\u010d\u016f lze nahradit kv\u011btinov\u00fdm setrva\u010dn\u00edkem o hmotnosti 8,2 kg a pr. 286 mm &#8211; vhodn\u00e9 pro stroje <strong>250\/14 &#8211; 330\/83 &#8211; 300EVO<\/strong><\/p>\n","protected":false},"excerpt":{"rendered":"<p>Tradi\u010dn\u00ed uzav\u0159en\u00fd setrva\u010dn\u00edk setrva\u010dn\u00edkov\u00fdch kr\u00e1je\u010d\u016f lze nahradit kv\u011btinov\u00fdm setrva\u010dn\u00edkem o hmotnosti 8,2 kg a pr. 286 mm &#8211; vhodn\u00e9 pro&hellip;<\/p>\n","protected":false},"featured_media":916,"comment_status":"closed","ping_status":"closed","template":"","meta":[],"product_cat":[85,40,42],"product_tag":[],"class_list":{"0":"post-915","1":"product","2":"type-product","3":"status-publish","4":"has-post-thumbnail","6":"product_cat-prislusenstviapriplatkovavybava","7":"product_cat-stroje","8":"product_cat-stroje-pro-prodejny","10":"first","11":"onbackorder","12":"taxable","13":"shipping-taxable","14":"product-type-simple"},"_links":{"self":[{"href":"https:\/\/www.cz-lindbergh.cz\/index.php?rest_route=\/wp\/v2\/product\/915","targetHints":{"allow":["GET"]}}],"collection":[{"href":"https:\/\/www.cz-lindbergh.cz\/index.php?rest_route=\/wp\/v2\/product"}],"about":[{"href":"https:\/\/www.cz-lindbergh.cz\/index.php?rest_route=\/wp\/v2\/types\/product"}],"replies":[{"embeddable":true,"href":"https:\/\/www.cz-lindbergh.cz\/index.php?rest_route=%2Fwp%2Fv2%2Fcomments&post=915"}],"wp:featuredmedia":[{"embeddable":true,"href":"https:\/\/www.cz-lindbergh.cz\/index.php?rest_route=\/wp\/v2\/media\/916"}],"wp:attachment":[{"href":"https:\/\/www.cz-lindbergh.cz\/index.php?rest_route=%2Fwp%2Fv2%2Fmedia&parent=915"}],"wp:term":[{"taxonomy":"product_cat","embeddable":true,"href":"https:\/\/www.cz-lindbergh.cz\/index.php?rest_route=%2Fwp%2Fv2%2Fproduct_cat&post=915"},{"taxonomy":"product_tag","embeddable":true,"href":"https:\/\/www.cz-lindbergh.cz\/index.php?rest_route=%2Fwp%2Fv2%2Fproduct_tag&post=915"}],"curies":[{"name":"wp","href":"https:\/\/api.w.org\/{rel}","templated":true}]}}