{"id":917,"date":"2023-03-02T12:22:06","date_gmt":"2023-03-02T12:22:06","guid":{"rendered":"https:\/\/www.cz-lindbergh.cz\/?post_type=product&#038;p=917"},"modified":"2023-03-11T12:57:35","modified_gmt":"2023-03-11T12:57:35","slug":"ozdobny-setrvacnik-vetsi","status":"publish","type":"product","link":"https:\/\/www.cz-lindbergh.cz\/?product=ozdobny-setrvacnik-vetsi","title":{"rendered":"Ozdobn\u00fd setrva\u010dn\u00edk v\u011bt\u0161\u00ed"},"content":{"rendered":"<p>Tradi\u010dn\u00ed uzav\u0159en\u00fd setrva\u010dn\u00edk setrva\u010dn\u00edkov\u00fdch kr\u00e1je\u010d\u016f lze nahradit kv\u011btinov\u00fdm setrva\u010dn\u00edkem o hmotnosti 11,8 kg pr. 372 mm &#8211; vhodn\u00fd pro stroje <strong>330\/83 \u2013 370\/85<\/strong><\/p>\n","protected":false},"excerpt":{"rendered":"<p>Tradi\u010dn\u00ed uzav\u0159en\u00fd setrva\u010dn\u00edk setrva\u010dn\u00edkov\u00fdch kr\u00e1je\u010d\u016f lze nahradit kv\u011btinov\u00fdm setrva\u010dn\u00edkem o hmotnosti 11,8 kg pr. 372 mm &#8211; vhodn\u00fd pro stroje&hellip;<\/p>\n","protected":false},"featured_media":918,"comment_status":"closed","ping_status":"closed","template":"","meta":[],"product_cat":[85,40,42],"product_tag":[],"class_list":{"0":"post-917","1":"product","2":"type-product","3":"status-publish","4":"has-post-thumbnail","6":"product_cat-prislusenstviapriplatkovavybava","7":"product_cat-stroje","8":"product_cat-stroje-pro-prodejny","10":"first","11":"onbackorder","12":"taxable","13":"shipping-taxable","14":"product-type-simple"},"_links":{"self":[{"href":"https:\/\/www.cz-lindbergh.cz\/index.php?rest_route=\/wp\/v2\/product\/917","targetHints":{"allow":["GET"]}}],"collection":[{"href":"https:\/\/www.cz-lindbergh.cz\/index.php?rest_route=\/wp\/v2\/product"}],"about":[{"href":"https:\/\/www.cz-lindbergh.cz\/index.php?rest_route=\/wp\/v2\/types\/product"}],"replies":[{"embeddable":true,"href":"https:\/\/www.cz-lindbergh.cz\/index.php?rest_route=%2Fwp%2Fv2%2Fcomments&post=917"}],"wp:featuredmedia":[{"embeddable":true,"href":"https:\/\/www.cz-lindbergh.cz\/index.php?rest_route=\/wp\/v2\/media\/918"}],"wp:attachment":[{"href":"https:\/\/www.cz-lindbergh.cz\/index.php?rest_route=%2Fwp%2Fv2%2Fmedia&parent=917"}],"wp:term":[{"taxonomy":"product_cat","embeddable":true,"href":"https:\/\/www.cz-lindbergh.cz\/index.php?rest_route=%2Fwp%2Fv2%2Fproduct_cat&post=917"},{"taxonomy":"product_tag","embeddable":true,"href":"https:\/\/www.cz-lindbergh.cz\/index.php?rest_route=%2Fwp%2Fv2%2Fproduct_tag&post=917"}],"curies":[{"name":"wp","href":"https:\/\/api.w.org\/{rel}","templated":true}]}}