{"id":919,"date":"2023-03-02T12:25:04","date_gmt":"2023-03-02T12:25:04","guid":{"rendered":"https:\/\/www.cz-lindbergh.cz\/?post_type=product&#038;p=919"},"modified":"2023-03-11T12:57:08","modified_gmt":"2023-03-11T12:57:08","slug":"pridrzovac-patek","status":"publish","type":"product","link":"https:\/\/www.cz-lindbergh.cz\/?product=pridrzovac-patek","title":{"rendered":"P\u0159idr\u017eova\u010d patek"},"content":{"rendered":"<p>Setrva\u010dn\u00edkov\u00e9 stroje mohou b\u00fdt vybaveny za\u0159\u00edzen\u00edm pro kr\u00e1jen\u00ed zbytk\u016f.<\/p>\n<p>Za\u0159\u00edzen\u00ed, kter\u00e9 umo\u017e\u0148uje kr\u00e1jet a\u017e do posledn\u00edho pl\u00e1tku zcela bezpe\u010dn\u011b a bez odpadu.<\/p>\n","protected":false},"excerpt":{"rendered":"<p>Setrva\u010dn\u00edkov\u00e9 stroje mohou b\u00fdt vybaveny za\u0159\u00edzen\u00edm pro kr\u00e1jen\u00ed zbytk\u016f. Za\u0159\u00edzen\u00ed, kter\u00e9 umo\u017e\u0148uje kr\u00e1jet a\u017e do posledn\u00edho pl\u00e1tku zcela bezpe\u010dn\u011b a&hellip;<\/p>\n","protected":false},"featured_media":921,"comment_status":"closed","ping_status":"closed","template":"","meta":[],"product_cat":[85,40,42],"product_tag":[],"class_list":{"0":"post-919","1":"product","2":"type-product","3":"status-publish","4":"has-post-thumbnail","6":"product_cat-prislusenstviapriplatkovavybava","7":"product_cat-stroje","8":"product_cat-stroje-pro-prodejny","10":"first","11":"onbackorder","12":"taxable","13":"shipping-taxable","14":"product-type-simple"},"_links":{"self":[{"href":"https:\/\/www.cz-lindbergh.cz\/index.php?rest_route=\/wp\/v2\/product\/919","targetHints":{"allow":["GET"]}}],"collection":[{"href":"https:\/\/www.cz-lindbergh.cz\/index.php?rest_route=\/wp\/v2\/product"}],"about":[{"href":"https:\/\/www.cz-lindbergh.cz\/index.php?rest_route=\/wp\/v2\/types\/product"}],"replies":[{"embeddable":true,"href":"https:\/\/www.cz-lindbergh.cz\/index.php?rest_route=%2Fwp%2Fv2%2Fcomments&post=919"}],"wp:featuredmedia":[{"embeddable":true,"href":"https:\/\/www.cz-lindbergh.cz\/index.php?rest_route=\/wp\/v2\/media\/921"}],"wp:attachment":[{"href":"https:\/\/www.cz-lindbergh.cz\/index.php?rest_route=%2Fwp%2Fv2%2Fmedia&parent=919"}],"wp:term":[{"taxonomy":"product_cat","embeddable":true,"href":"https:\/\/www.cz-lindbergh.cz\/index.php?rest_route=%2Fwp%2Fv2%2Fproduct_cat&post=919"},{"taxonomy":"product_tag","embeddable":true,"href":"https:\/\/www.cz-lindbergh.cz\/index.php?rest_route=%2Fwp%2Fv2%2Fproduct_tag&post=919"}],"curies":[{"name":"wp","href":"https:\/\/api.w.org\/{rel}","templated":true}]}}