{"id":924,"date":"2023-03-02T12:28:32","date_gmt":"2023-03-02T12:28:32","guid":{"rendered":"https:\/\/www.cz-lindbergh.cz\/?post_type=product&#038;p=924"},"modified":"2023-03-11T12:55:52","modified_gmt":"2023-03-11T12:55:52","slug":"hlinikovy-kit","status":"publish","type":"product","link":"https:\/\/www.cz-lindbergh.cz\/?product=hlinikovy-kit","title":{"rendered":"Hlin\u00edkov\u00fd kit"},"content":{"rendered":"<p>Kr\u00e1je\u010de mohou b\u00fdt vybaveny sadou hlin\u00edkov\u00fdch knofl\u00edk\u016f.<\/p>\n","protected":false},"excerpt":{"rendered":"<p>Kr\u00e1je\u010de mohou b\u00fdt vybaveny sadou hlin\u00edkov\u00fdch knofl\u00edk\u016f.<\/p>\n","protected":false},"featured_media":925,"comment_status":"closed","ping_status":"closed","template":"","meta":[],"product_cat":[85,40,42],"product_tag":[],"class_list":{"0":"post-924","1":"product","2":"type-product","3":"status-publish","4":"has-post-thumbnail","6":"product_cat-prislusenstviapriplatkovavybava","7":"product_cat-stroje","8":"product_cat-stroje-pro-prodejny","10":"first","11":"onbackorder","12":"taxable","13":"shipping-taxable","14":"product-type-simple"},"_links":{"self":[{"href":"https:\/\/www.cz-lindbergh.cz\/index.php?rest_route=\/wp\/v2\/product\/924","targetHints":{"allow":["GET"]}}],"collection":[{"href":"https:\/\/www.cz-lindbergh.cz\/index.php?rest_route=\/wp\/v2\/product"}],"about":[{"href":"https:\/\/www.cz-lindbergh.cz\/index.php?rest_route=\/wp\/v2\/types\/product"}],"replies":[{"embeddable":true,"href":"https:\/\/www.cz-lindbergh.cz\/index.php?rest_route=%2Fwp%2Fv2%2Fcomments&post=924"}],"wp:featuredmedia":[{"embeddable":true,"href":"https:\/\/www.cz-lindbergh.cz\/index.php?rest_route=\/wp\/v2\/media\/925"}],"wp:attachment":[{"href":"https:\/\/www.cz-lindbergh.cz\/index.php?rest_route=%2Fwp%2Fv2%2Fmedia&parent=924"}],"wp:term":[{"taxonomy":"product_cat","embeddable":true,"href":"https:\/\/www.cz-lindbergh.cz\/index.php?rest_route=%2Fwp%2Fv2%2Fproduct_cat&post=924"},{"taxonomy":"product_tag","embeddable":true,"href":"https:\/\/www.cz-lindbergh.cz\/index.php?rest_route=%2Fwp%2Fv2%2Fproduct_tag&post=924"}],"curies":[{"name":"wp","href":"https:\/\/api.w.org\/{rel}","templated":true}]}}