{"id":936,"date":"2023-03-02T13:45:20","date_gmt":"2023-03-02T13:45:20","guid":{"rendered":"https:\/\/www.cz-lindbergh.cz\/?post_type=product&#038;p=936"},"modified":"2023-03-11T12:16:58","modified_gmt":"2023-03-11T12:16:58","slug":"monochromaticka-paska-pro-edikio-duplex-bila","status":"publish","type":"product","link":"https:\/\/www.cz-lindbergh.cz\/?product=monochromaticka-paska-pro-edikio-duplex-bila","title":{"rendered":"monochromatick\u00e1 p\u00e1ska pro Edikio Duplex &#8211; b\u00edl\u00e1"},"content":{"rendered":"","protected":false},"excerpt":{"rendered":"<ul>\n<li><strong>ozna\u010den\u00ed<\/strong>\u00a0\u2013 Evolis RCT015NAA<\/li>\n<li><strong>kapacita tisku<\/strong>\u00a0\u2013 1\u00a0000\u00a0tisk\u016f (b\u00edl\u00fdch)<\/li>\n<li><strong>kompatibilita<\/strong>\u00a0\u2013 Evolis Zenius, Evolis Primacy<\/li>\n<\/ul>\n","protected":false},"featured_media":937,"comment_status":"closed","ping_status":"closed","template":"","meta":[],"product_cat":[17,40,42,84],"product_tag":[],"class_list":{"0":"post-936","1":"product","2":"type-product","3":"status-publish","4":"has-post-thumbnail","6":"product_cat-nezarazene","7":"product_cat-stroje","8":"product_cat-stroje-pro-prodejny","9":"product_cat-tiskarnycenovek","11":"first","12":"onbackorder","13":"taxable","14":"shipping-taxable","15":"product-type-simple"},"_links":{"self":[{"href":"https:\/\/www.cz-lindbergh.cz\/index.php?rest_route=\/wp\/v2\/product\/936","targetHints":{"allow":["GET"]}}],"collection":[{"href":"https:\/\/www.cz-lindbergh.cz\/index.php?rest_route=\/wp\/v2\/product"}],"about":[{"href":"https:\/\/www.cz-lindbergh.cz\/index.php?rest_route=\/wp\/v2\/types\/product"}],"replies":[{"embeddable":true,"href":"https:\/\/www.cz-lindbergh.cz\/index.php?rest_route=%2Fwp%2Fv2%2Fcomments&post=936"}],"wp:featuredmedia":[{"embeddable":true,"href":"https:\/\/www.cz-lindbergh.cz\/index.php?rest_route=\/wp\/v2\/media\/937"}],"wp:attachment":[{"href":"https:\/\/www.cz-lindbergh.cz\/index.php?rest_route=%2Fwp%2Fv2%2Fmedia&parent=936"}],"wp:term":[{"taxonomy":"product_cat","embeddable":true,"href":"https:\/\/www.cz-lindbergh.cz\/index.php?rest_route=%2Fwp%2Fv2%2Fproduct_cat&post=936"},{"taxonomy":"product_tag","embeddable":true,"href":"https:\/\/www.cz-lindbergh.cz\/index.php?rest_route=%2Fwp%2Fv2%2Fproduct_tag&post=936"}],"curies":[{"name":"wp","href":"https:\/\/api.w.org\/{rel}","templated":true}]}}