{"id":938,"date":"2023-03-08T10:13:42","date_gmt":"2023-03-08T10:13:42","guid":{"rendered":"https:\/\/www.cz-lindbergh.cz\/?post_type=product&#038;p=938"},"modified":"2023-04-07T14:30:55","modified_gmt":"2023-04-07T14:30:55","slug":"simple-line-sikmy-narezovy-stroj-220sa","status":"publish","type":"product","link":"https:\/\/www.cz-lindbergh.cz\/?product=simple-line-sikmy-narezovy-stroj-220sa","title":{"rendered":"Simple line gravita\u010dn\u00ed n\u00e1\u0159ezov\u00fd stroj 220SA"},"content":{"rendered":"<p>\u0160ikm\u00fd stroj s\u00a0no\u017eem o pr\u016fm\u011bru 220mm.<\/p>\n<p>&nbsp;<\/p>\n<p>Jednoduch\u00fd ale robustn\u00ed a funk\u010dn\u00ed.<\/p>\n<p>&nbsp;<\/p>\n<p>Nov\u00e1 \u0159ada Simple NOAW nab\u00edz\u00ed vynikaj\u00edc\u00ed v\u00fdkon za velmi speci\u00e1ln\u00ed cenu.<\/p>\n<p>&nbsp;<\/p>\n<p>Cel\u00fd vyroben\u00fd z hlin\u00edku.<\/p>\n<p>&nbsp;<\/p>\n<p>Vhodn\u00e9 pro mal\u00e9 obchody a pro rodiny.<\/p>\n","protected":false},"excerpt":{"rendered":"<table width=\"693\">\n<tbody>\n<tr>\n<td width=\"397\"><strong>Model<\/strong><\/td>\n<td><strong>220SA<\/strong><\/td>\n<\/tr>\n<tr>\n<td width=\"397\"><strong>N\u016f\u017e<\/strong><\/td>\n<td>\u00f8\u00a0220 mm<\/td>\n<\/tr>\n<tr>\n<td width=\"397\"><strong>Ot\u00e1\u010dky no\u017ee<\/strong><\/td>\n<td>290 ot\/min<\/td>\n<\/tr>\n<tr>\n<td width=\"397\"><strong>Motor V.220 <\/strong><\/td>\n<td>0,130 kw<\/td>\n<\/tr>\n<tr>\n<td width=\"397\"><strong>Zdvih san\u00ed<\/strong><\/td>\n<td>230 mm<\/td>\n<\/tr>\n<tr>\n<td width=\"397\"><strong>Max. tlou\u0161\u0165ka pl\u00e1tku<\/strong><\/td>\n<td>13 mm<\/td>\n<\/tr>\n<tr>\n<td width=\"397\"><strong>Max. velikost kr\u00e1jen\u00e9ho zbo\u017e\u00ed<\/strong><\/td>\n<td>\u00f8\u00a0 150 mm<\/p>\n<p>145\u00d7210 mm<\/td>\n<\/tr>\n<tr>\n<td width=\"397\"><strong>Hmotnost<\/strong><\/td>\n<td>\u00a013 kg<\/td>\n<\/tr>\n<tr>\n<td width=\"397\"><strong>V\u00fd\u0161ka<\/strong><\/td>\n<td>\u00a0540 mm<\/td>\n<\/tr>\n<tr>\n<td width=\"397\"><strong>\u0160\u00ed\u0159ka<\/strong><\/td>\n<td>\u00a0630 mm<\/td>\n<\/tr>\n<tr>\n<td width=\"397\"><strong>Hloubka<\/strong><\/td>\n<td>\u00a0500 mm<\/td>\n<\/tr>\n<\/tbody>\n<\/table>\n","protected":false},"featured_media":939,"comment_status":"closed","ping_status":"closed","template":"","meta":[],"product_cat":[45,87,40,43,42],"product_tag":[],"class_list":{"0":"post-938","1":"product","2":"type-product","3":"status-publish","4":"has-post-thumbnail","6":"product_cat-narezove-stroje","7":"product_cat-sikme-narezove-stroje","8":"product_cat-stroje","9":"product_cat-stroje-pro-gastronomii","10":"product_cat-stroje-pro-prodejny","12":"first","13":"onbackorder","14":"taxable","15":"shipping-taxable","16":"product-type-simple"},"_links":{"self":[{"href":"https:\/\/www.cz-lindbergh.cz\/index.php?rest_route=\/wp\/v2\/product\/938","targetHints":{"allow":["GET"]}}],"collection":[{"href":"https:\/\/www.cz-lindbergh.cz\/index.php?rest_route=\/wp\/v2\/product"}],"about":[{"href":"https:\/\/www.cz-lindbergh.cz\/index.php?rest_route=\/wp\/v2\/types\/product"}],"replies":[{"embeddable":true,"href":"https:\/\/www.cz-lindbergh.cz\/index.php?rest_route=%2Fwp%2Fv2%2Fcomments&post=938"}],"wp:featuredmedia":[{"embeddable":true,"href":"https:\/\/www.cz-lindbergh.cz\/index.php?rest_route=\/wp\/v2\/media\/939"}],"wp:attachment":[{"href":"https:\/\/www.cz-lindbergh.cz\/index.php?rest_route=%2Fwp%2Fv2%2Fmedia&parent=938"}],"wp:term":[{"taxonomy":"product_cat","embeddable":true,"href":"https:\/\/www.cz-lindbergh.cz\/index.php?rest_route=%2Fwp%2Fv2%2Fproduct_cat&post=938"},{"taxonomy":"product_tag","embeddable":true,"href":"https:\/\/www.cz-lindbergh.cz\/index.php?rest_route=%2Fwp%2Fv2%2Fproduct_tag&post=938"}],"curies":[{"name":"wp","href":"https:\/\/api.w.org\/{rel}","templated":true}]}}