{"id":946,"date":"2023-03-08T10:27:32","date_gmt":"2023-03-08T10:27:32","guid":{"rendered":"https:\/\/www.cz-lindbergh.cz\/?post_type=product&#038;p=946"},"modified":"2023-04-16T15:32:39","modified_gmt":"2023-04-16T15:32:39","slug":"gravitacni-narezovy-stroj-250tp","status":"publish","type":"product","link":"https:\/\/www.cz-lindbergh.cz\/?product=gravitacni-narezovy-stroj-250tp","title":{"rendered":"Gravita\u010dn\u00ed n\u00e1\u0159ezov\u00fd stroj 250TP &#8211; specialista na kr\u00e1jen\u00ed chleba"},"content":{"rendered":"<p>\u0160ikm\u00fd n\u00e1\u0159ezov\u00fd stroj.<\/p>\n<p>Pr\u016fm\u011br \u010depele 250 mm.<\/p>\n<p>Stroj je speci\u00e1ln\u011b upraven pro kr\u00e1jen\u00ed chleba a s\u00fdra.<\/p>\n<p>Vybaveno zvl\u00e1\u0161t\u011b v\u00fdkonn\u00fdm motorem.<\/p>\n<p>Velk\u00fd prostor za \u010depel\u00ed umo\u017e\u0148uje snadn\u00e9 \u010di\u0161t\u011bn\u00ed.<\/p>\n<p>Je k dispozici tak\u00e9 s hladkou \u010depel\u00ed.<\/p>\n","protected":false},"excerpt":{"rendered":"<table width=\"693\">\n<tbody>\n<tr>\n<td width=\"397\"><strong>Model<\/strong><\/td>\n<td><strong>250TP<\/strong><\/td>\n<\/tr>\n<tr>\n<td width=\"397\"><strong>N\u016f\u017e<\/strong><\/td>\n<td>\u00f8\u00a0250 mm<\/td>\n<\/tr>\n<tr>\n<td width=\"397\"><strong>Ot\u00e1\u010dky no\u017ee<\/strong><\/td>\n<td>300 ot\/min<\/td>\n<\/tr>\n<tr>\n<td width=\"397\"><strong>Motor V.220 <\/strong><\/td>\n<td>0,300 kw<\/td>\n<\/tr>\n<tr>\n<td width=\"397\"><strong>Zdvih san\u00ed<\/strong><\/td>\n<td>260 mm<\/td>\n<\/tr>\n<tr>\n<td width=\"397\"><strong>Max. tlou\u0161\u0165ka pl\u00e1tku<\/strong><\/td>\n<td>34 mm<\/td>\n<\/tr>\n<tr>\n<td width=\"397\"><strong>Max. velikost kr\u00e1jen\u00e9ho zbo\u017e\u00ed<\/strong><\/td>\n<td>\u00f8\u00a0 170 mm<\/p>\n<p>170\u00d7235 mm<\/td>\n<\/tr>\n<tr>\n<td width=\"397\"><strong>Hmotnost<\/strong><\/td>\n<td>\u00a019 kg<\/td>\n<\/tr>\n<tr>\n<td width=\"397\"><strong>V\u00fd\u0161ka<\/strong><\/td>\n<td>\u00a0620 mm<\/td>\n<\/tr>\n<tr>\n<td width=\"397\"><strong>\u0160\u00ed\u0159ka<\/strong><\/td>\n<td>\u00a0660 mm<\/td>\n<\/tr>\n<tr>\n<td width=\"397\"><strong>Hloubka<\/strong><\/td>\n<td>\u00a0560 mm<\/td>\n<\/tr>\n<\/tbody>\n<\/table>\n","protected":false},"featured_media":947,"comment_status":"closed","ping_status":"closed","template":"","meta":[],"product_cat":[45,87,40,43,42],"product_tag":[],"class_list":{"0":"post-946","1":"product","2":"type-product","3":"status-publish","4":"has-post-thumbnail","6":"product_cat-narezove-stroje","7":"product_cat-sikme-narezove-stroje","8":"product_cat-stroje","9":"product_cat-stroje-pro-gastronomii","10":"product_cat-stroje-pro-prodejny","12":"first","13":"onbackorder","14":"taxable","15":"shipping-taxable","16":"product-type-simple"},"_links":{"self":[{"href":"https:\/\/www.cz-lindbergh.cz\/index.php?rest_route=\/wp\/v2\/product\/946","targetHints":{"allow":["GET"]}}],"collection":[{"href":"https:\/\/www.cz-lindbergh.cz\/index.php?rest_route=\/wp\/v2\/product"}],"about":[{"href":"https:\/\/www.cz-lindbergh.cz\/index.php?rest_route=\/wp\/v2\/types\/product"}],"replies":[{"embeddable":true,"href":"https:\/\/www.cz-lindbergh.cz\/index.php?rest_route=%2Fwp%2Fv2%2Fcomments&post=946"}],"wp:featuredmedia":[{"embeddable":true,"href":"https:\/\/www.cz-lindbergh.cz\/index.php?rest_route=\/wp\/v2\/media\/947"}],"wp:attachment":[{"href":"https:\/\/www.cz-lindbergh.cz\/index.php?rest_route=%2Fwp%2Fv2%2Fmedia&parent=946"}],"wp:term":[{"taxonomy":"product_cat","embeddable":true,"href":"https:\/\/www.cz-lindbergh.cz\/index.php?rest_route=%2Fwp%2Fv2%2Fproduct_cat&post=946"},{"taxonomy":"product_tag","embeddable":true,"href":"https:\/\/www.cz-lindbergh.cz\/index.php?rest_route=%2Fwp%2Fv2%2Fproduct_tag&post=946"}],"curies":[{"name":"wp","href":"https:\/\/api.w.org\/{rel}","templated":true}]}}