{"id":955,"date":"2023-03-08T10:38:45","date_gmt":"2023-03-08T10:38:45","guid":{"rendered":"https:\/\/www.cz-lindbergh.cz\/?post_type=product&#038;p=955"},"modified":"2023-04-07T14:30:54","modified_gmt":"2023-04-07T14:30:54","slug":"gravitacni-narezovy-stroj-275g","status":"publish","type":"product","link":"https:\/\/www.cz-lindbergh.cz\/?product=gravitacni-narezovy-stroj-275g","title":{"rendered":"Gravita\u010dn\u00ed n\u00e1\u0159ezov\u00fd stroj 275G"},"content":{"rendered":"<p>Pr\u016fm\u011br no\u017ee 275 mm. Stroj se sklonem no\u017ee 45\u00b0.<\/p>\n<p>Mod.275G je ur\u010den pro mal\u00e9 obchody, kde je pot\u0159eba profesion\u00e1ln\u00ed v\u00fdkon na mal\u00e9m prostoru.<\/p>\n","protected":false},"excerpt":{"rendered":"<table width=\"693\">\n<tbody>\n<tr>\n<td width=\"397\"><strong>Model<\/strong><\/td>\n<td><strong>275G<\/strong><\/td>\n<\/tr>\n<tr>\n<td width=\"397\"><strong>N\u016f\u017e<\/strong><\/td>\n<td>\u00f8\u00a0272 mm<\/td>\n<\/tr>\n<tr>\n<td width=\"397\"><strong>Ot\u00e1\u010dky no\u017ee<\/strong><\/td>\n<td>310 ot\/min<\/td>\n<\/tr>\n<tr>\n<td width=\"397\"><strong>Motor V.220 <\/strong><\/td>\n<td>0,180 kw<\/td>\n<\/tr>\n<tr>\n<td width=\"397\"><strong>Zdvih san\u00ed<\/strong><\/td>\n<td>270 mm<\/td>\n<\/tr>\n<tr>\n<td width=\"397\"><strong>Max. tlou\u0161\u0165ka pl\u00e1tku<\/strong><\/td>\n<td>12 mm<\/td>\n<\/tr>\n<tr>\n<td width=\"397\"><strong>Max. velikost kr\u00e1jen\u00e9ho zbo\u017e\u00ed<\/strong><\/td>\n<td>\u00f8\u00a0 190 mm<\/p>\n<p>185\u00d7240 mm<\/td>\n<\/tr>\n<tr>\n<td width=\"397\"><strong>Hmotnost<\/strong><\/td>\n<td>\u00a020 kg<\/td>\n<\/tr>\n<tr>\n<td width=\"397\"><strong>V\u00fd\u0161ka<\/strong><\/td>\n<td>\u00a0620 mm<\/td>\n<\/tr>\n<tr>\n<td width=\"397\"><strong>\u0160\u00ed\u0159ka<\/strong><\/td>\n<td>\u00a0600 mm<\/td>\n<\/tr>\n<tr>\n<td width=\"397\"><strong>Hloubka<\/strong><\/td>\n<td>\u00a0560 mm<\/td>\n<\/tr>\n<\/tbody>\n<\/table>\n","protected":false},"featured_media":956,"comment_status":"closed","ping_status":"closed","template":"","meta":[],"product_cat":[45,87,40,43,42],"product_tag":[],"class_list":{"0":"post-955","1":"product","2":"type-product","3":"status-publish","4":"has-post-thumbnail","6":"product_cat-narezove-stroje","7":"product_cat-sikme-narezove-stroje","8":"product_cat-stroje","9":"product_cat-stroje-pro-gastronomii","10":"product_cat-stroje-pro-prodejny","12":"first","13":"onbackorder","14":"taxable","15":"shipping-taxable","16":"product-type-simple"},"_links":{"self":[{"href":"https:\/\/www.cz-lindbergh.cz\/index.php?rest_route=\/wp\/v2\/product\/955","targetHints":{"allow":["GET"]}}],"collection":[{"href":"https:\/\/www.cz-lindbergh.cz\/index.php?rest_route=\/wp\/v2\/product"}],"about":[{"href":"https:\/\/www.cz-lindbergh.cz\/index.php?rest_route=\/wp\/v2\/types\/product"}],"replies":[{"embeddable":true,"href":"https:\/\/www.cz-lindbergh.cz\/index.php?rest_route=%2Fwp%2Fv2%2Fcomments&post=955"}],"wp:featuredmedia":[{"embeddable":true,"href":"https:\/\/www.cz-lindbergh.cz\/index.php?rest_route=\/wp\/v2\/media\/956"}],"wp:attachment":[{"href":"https:\/\/www.cz-lindbergh.cz\/index.php?rest_route=%2Fwp%2Fv2%2Fmedia&parent=955"}],"wp:term":[{"taxonomy":"product_cat","embeddable":true,"href":"https:\/\/www.cz-lindbergh.cz\/index.php?rest_route=%2Fwp%2Fv2%2Fproduct_cat&post=955"},{"taxonomy":"product_tag","embeddable":true,"href":"https:\/\/www.cz-lindbergh.cz\/index.php?rest_route=%2Fwp%2Fv2%2Fproduct_tag&post=955"}],"curies":[{"name":"wp","href":"https:\/\/api.w.org\/{rel}","templated":true}]}}